{"id":1152,"date":"2023-06-19T19:36:32","date_gmt":"2023-06-19T19:36:32","guid":{"rendered":"https:\/\/lepasteur-avocats.fr\/?page_id=1152"},"modified":"2023-06-20T09:56:19","modified_gmt":"2023-06-20T09:56:19","slug":"documents","status":"publish","type":"page","link":"https:\/\/lepasteur-avocats.fr\/?page_id=1152","title":{"rendered":"Documents"},"content":{"rendered":"\n<p><strong>ADOPTION<\/strong><\/p>\n\n\n\n<p><strong><a href=\"http:\/\/lepasteur-avocats.fr\/wp-content\/uploads\/2023\/06\/Documents-adoption.pdf\" target=\"_blank\" rel=\"noreferrer noopener\">Liste des documents utiles pour une proc\u00e9dure d&rsquo;adoption<\/a> <\/strong><\/p>\n\n\n\n<p><strong>AIDE JURIDICTIONNELLE<\/strong><\/p>\n\n\n\n<p>T\u00e9l\u00e9chargez le <a href=\"https:\/\/lepasteur-avocats.fr\/wp-content\/uploads\/2017\/02\/Formulaire-AJ-2022.pdf\" target=\"_blank\" rel=\"noreferrer noopener\"><strong>dossier de demande d&rsquo;aide juridictionnelle<\/strong><\/a>.<\/p>\n\n\n\n<p><\/p>\n","protected":false},"excerpt":{"rendered":"<p>ADOPTION Liste des documents utiles pour une proc\u00e9dure d&rsquo;adoption AIDE JURIDICTIONNELLE T\u00e9l\u00e9chargez le dossier de demande d&rsquo;aide juridictionnelle.<\/p>\n","protected":false},"author":1,"featured_media":0,"parent":0,"menu_order":0,"comment_status":"closed","ping_status":"closed","template":"","meta":{"footnotes":""},"class_list":["post-1152","page","type-page","status-publish","hentry"],"_links":{"self":[{"href":"https:\/\/lepasteur-avocats.fr\/index.php?rest_route=\/wp\/v2\/pages\/1152","targetHints":{"allow":["GET"]}}],"collection":[{"href":"https:\/\/lepasteur-avocats.fr\/index.php?rest_route=\/wp\/v2\/pages"}],"about":[{"href":"https:\/\/lepasteur-avocats.fr\/index.php?rest_route=\/wp\/v2\/types\/page"}],"author":[{"embeddable":true,"href":"https:\/\/lepasteur-avocats.fr\/index.php?rest_route=\/wp\/v2\/users\/1"}],"replies":[{"embeddable":true,"href":"https:\/\/lepasteur-avocats.fr\/index.php?rest_route=%2Fwp%2Fv2%2Fcomments&post=1152"}],"version-history":[{"count":7,"href":"https:\/\/lepasteur-avocats.fr\/index.php?rest_route=\/wp\/v2\/pages\/1152\/revisions"}],"predecessor-version":[{"id":1168,"href":"https:\/\/lepasteur-avocats.fr\/index.php?rest_route=\/wp\/v2\/pages\/1152\/revisions\/1168"}],"wp:attachment":[{"href":"https:\/\/lepasteur-avocats.fr\/index.php?rest_route=%2Fwp%2Fv2%2Fmedia&parent=1152"}],"curies":[{"name":"wp","href":"https:\/\/api.w.org\/{rel}","templated":true}]}}