{"id":164,"date":"2017-02-26T10:20:44","date_gmt":"2017-02-26T10:20:44","guid":{"rendered":"https:\/\/legal-stone.themerex.net\/?page_id=164"},"modified":"2023-06-19T19:53:28","modified_gmt":"2023-06-19T19:53:28","slug":"contacts","status":"publish","type":"page","link":"https:\/\/lepasteur-avocats.fr\/?page_id=164","title":{"rendered":"Contact"},"content":{"rendered":"<p>[vc_row][vc_column][vc_empty_space alter_height=\u00a0\u00bbbig\u00a0\u00bb hide_on_mobile=\u00a0\u00bb1&Prime;][\/vc_column][\/vc_row][vc_row][vc_column width=\u00a0\u00bb1\/3&Prime;][vc_empty_space height=\u00a0\u00bb3em\u00a0\u00bb alter_height=\u00a0\u00bbnone\u00a0\u00bb hide_on_mobile=\u00a0\u00bb\u00a0\u00bb][vc_icon icon_fontawesome=\u00a0\u00bbicon-placeholder\u00a0\u00bb color=\u00a0\u00bbcustom\u00a0\u00bb size=\u00a0\u00bblg\u00a0\u00bb align=\u00a0\u00bbcenter\u00a0\u00bb custom_color=\u00a0\u00bb#d4a971&Prime; css=\u00a0\u00bb.vc_custom_1491218870986{margin-bottom: 0px !important;}\u00a0\u00bb][vc_empty_space height=\u00a0\u00bb1.5em\u00a0\u00bb alter_height=\u00a0\u00bbnone\u00a0\u00bb hide_on_mobile=\u00a0\u00bb\u00a0\u00bb][vc_column_text]<\/p>\n<h3 style=\"text-align: center;\">Deux adresses en Normandie<\/h3>\n<p>[\/vc_column_text][vc_empty_space height=\u00a0\u00bb0.45em\u00a0\u00bb alter_height=\u00a0\u00bbnone\u00a0\u00bb hide_on_mobile=\u00a0\u00bb\u00a0\u00bb][vc_custom_heading text=\u00a0\u00bb3 rue de la paix 61200 Argentan\u00a0\u00bb font_container=\u00a0\u00bbtag:p|font_size:13px|text_align:center|line_height:20px\u00a0\u00bb use_theme_fonts=\u00a0\u00bbyes\u00a0\u00bb css=\u00a0\u00bb.vc_custom_1639751645050{margin-top: 0px !important;margin-bottom: 0px !important;}\u00a0\u00bb][vc_custom_heading text=\u00a0\u00bb1 rue Cl\u00e9menceau 14700 Falaise (sur rdv)\u00a0\u00bb font_container=\u00a0\u00bbtag:p|font_size:13px|text_align:center|line_height:20px\u00a0\u00bb use_theme_fonts=\u00a0\u00bbyes\u00a0\u00bb css=\u00a0\u00bb.vc_custom_1639832391655{margin-top: 0px !important;margin-bottom: 0px !important;}\u00a0\u00bb][\/vc_column][vc_column width=\u00a0\u00bb1\/3&Prime;][vc_empty_space height=\u00a0\u00bb3em\u00a0\u00bb alter_height=\u00a0\u00bbnone\u00a0\u00bb hide_on_mobile=\u00a0\u00bb\u00a0\u00bb][vc_icon icon_fontawesome=\u00a0\u00bbicon-phone-call\u00a0\u00bb color=\u00a0\u00bbcustom\u00a0\u00bb size=\u00a0\u00bblg\u00a0\u00bb align=\u00a0\u00bbcenter\u00a0\u00bb custom_color=\u00a0\u00bb#d4a971&Prime; css=\u00a0\u00bb.vc_custom_1528972813931{margin-bottom: 0px !important;}\u00a0\u00bb link=\u00a0\u00bburl:tel%3A8%20800%20123%2045%2067|||\u00a0\u00bb][vc_empty_space height=\u00a0\u00bb1.5em\u00a0\u00bb alter_height=\u00a0\u00bbnone\u00a0\u00bb hide_on_mobile=\u00a0\u00bb\u00a0\u00bb][vc_column_text css_animation=\u00a0\u00bbnone\u00a0\u00bb]<\/p>\n<h3 style=\"text-align: center;\">T\u00e9l\u00e9phone<\/h3>\n<p>[\/vc_column_text][vc_empty_space height=\u00a0\u00bb0.45em\u00a0\u00bb alter_height=\u00a0\u00bbnone\u00a0\u00bb hide_on_mobile=\u00a0\u00bb\u00a0\u00bb][vc_custom_heading text=\u00a0\u00bb02 33 67 09 98&Prime; font_container=\u00a0\u00bbtag:p|font_size:13px|text_align:center|line_height:20px\u00a0\u00bb use_theme_fonts=\u00a0\u00bbyes\u00a0\u00bb css=\u00a0\u00bb.vc_custom_1639752259817{margin-top: 0px !important;margin-bottom: 0px !important;}\u00a0\u00bb link=\u00a0\u00bburl:tel%3A8%20800%20123%2045%2067|||\u00a0\u00bb][vc_custom_heading text=\u00a0\u00bbFAX : 09 70 32 49 16&Prime; font_container=\u00a0\u00bbtag:p|font_size:13px|text_align:center\u00a0\u00bb use_theme_fonts=\u00a0\u00bbyes\u00a0\u00bb][\/vc_column][vc_column width=\u00a0\u00bb1\/3&Prime;][vc_empty_space height=\u00a0\u00bb3em\u00a0\u00bb alter_height=\u00a0\u00bbnone\u00a0\u00bb hide_on_mobile=\u00a0\u00bb\u00a0\u00bb][vc_icon icon_fontawesome=\u00a0\u00bbicon-clock-1&Prime; color=\u00a0\u00bbcustom\u00a0\u00bb size=\u00a0\u00bblg\u00a0\u00bb align=\u00a0\u00bbcenter\u00a0\u00bb custom_color=\u00a0\u00bb#d4a971&Prime; css=\u00a0\u00bb.vc_custom_1491218881366{margin-bottom: 0px !important;}\u00a0\u00bb][vc_empty_space height=\u00a0\u00bb1.5em\u00a0\u00bb alter_height=\u00a0\u00bbnone\u00a0\u00bb hide_on_mobile=\u00a0\u00bb\u00a0\u00bb][vc_column_text]<\/p>\n<h3 style=\"text-align: center;\">Nos horaires d&rsquo;accueil<\/h3>\n<p>[\/vc_column_text][vc_empty_space height=\u00a0\u00bb0.45em\u00a0\u00bb alter_height=\u00a0\u00bbnone\u00a0\u00bb hide_on_mobile=\u00a0\u00bb\u00a0\u00bb][vc_custom_heading text=\u00a0\u00bbDu lundi au vendredi\u00a0\u00bb font_container=\u00a0\u00bbtag:p|font_size:13px|text_align:center|line_height:20px\u00a0\u00bb use_theme_fonts=\u00a0\u00bbyes\u00a0\u00bb css=\u00a0\u00bb.vc_custom_1639752624686{margin-top: 0px !important;margin-bottom: 0px !important;}\u00a0\u00bb][vc_custom_heading text=\u00a0\u00bb9h &#8211; 12h | 14h &#8211; 17h\u00a0\u00bb font_container=\u00a0\u00bbtag:p|font_size:13px|text_align:center|line_height:20px\u00a0\u00bb use_theme_fonts=\u00a0\u00bbyes\u00a0\u00bb css=\u00a0\u00bb.vc_custom_1639752604583{margin-top: 0px !important;margin-bottom: 0px !important;}\u00a0\u00bb][\/vc_column][\/vc_row][vc_row][vc_column][vc_empty_space alter_height=\u00a0\u00bbbig\u00a0\u00bb hide_on_mobile=\u00a0\u00bb1&Prime;][vc_empty_space height=\u00a0\u00bb0.45em\u00a0\u00bb alter_height=\u00a0\u00bbnone\u00a0\u00bb hide_on_mobile=\u00a0\u00bb1&Prime;][vc_empty_space height=\u00a0\u00bb3em\u00a0\u00bb alter_height=\u00a0\u00bbnone\u00a0\u00bb hide_on_mobile=\u00a0\u00bb\u00a0\u00bb][\/vc_column][\/vc_row][vc_row full_width=\u00a0\u00bbstretch_row\u00a0\u00bb css=\u00a0\u00bb.vc_custom_1488104262140{background-color: #fafafa !important;}\u00a0\u00bb][vc_column][vc_empty_space height=\u00a0\u00bb3em\u00a0\u00bb alter_height=\u00a0\u00bbnone\u00a0\u00bb hide_on_mobile=\u00a0\u00bb\u00a0\u00bb][vc_empty_space height=\u00a0\u00bb6.05em\u00a0\u00bb alter_height=\u00a0\u00bbnone\u00a0\u00bb hide_on_mobile=\u00a0\u00bb1&Prime;]<div id=\"sc_content_490369828\"\r\n\t\tclass=\"sc_content sc_content_default sc_float_center sc_content_width_70p\"><div class=\"sc_content_container\"><div id=\"sc_title_1434240456\"\r\n\t\tclass=\"sc_title sc_title_default\"><h3 class=\"sc_item_title sc_title_title sc_align_center sc_item_title_style_default\">Contactez-nous<\/h3><div class=\"sc_item_descr sc_title_descr sc_align_center\"><p>Envoyez-nous un mail et nous vous contacterons.<\/p>\n<\/div><\/div><!-- \/.sc_title --><div role=\"form\" class=\"wpcf7\" id=\"wpcf7-f809-o1\" lang=\"en-US\" dir=\"ltr\">\n<div class=\"screen-reader-response\"><p role=\"status\" aria-live=\"polite\" aria-atomic=\"true\"><\/p> <ul><\/ul><\/div>\n<form action=\"\/index.php?rest_route=%2Fwp%2Fv2%2Fpages%2F164#wpcf7-f809-o1\" method=\"post\" class=\"wpcf7-form init\" novalidate=\"novalidate\" data-status=\"init\">\n<div style=\"display: none;\">\n<input type=\"hidden\" name=\"_wpcf7\" value=\"809\" \/>\n<input type=\"hidden\" name=\"_wpcf7_version\" value=\"5.5.3\" \/>\n<input type=\"hidden\" name=\"_wpcf7_locale\" value=\"en_US\" \/>\n<input type=\"hidden\" name=\"_wpcf7_unit_tag\" value=\"wpcf7-f809-o1\" \/>\n<input type=\"hidden\" name=\"_wpcf7_container_post\" value=\"0\" \/>\n<input type=\"hidden\" name=\"_wpcf7_posted_data_hash\" value=\"\" \/>\n<\/div>\n<div class=\"contact_form_button_center\">\n<div class=\"sc_contact_form_info\">\n<p><span class=\"wpcf7-form-control-wrap text-962\"><input type=\"text\" name=\"text-962\" value=\"\" size=\"40\" class=\"wpcf7-form-control wpcf7-text wpcf7-validates-as-required\" aria-required=\"true\" aria-invalid=\"false\" placeholder=\"Nom\" \/><\/span><span class=\"wpcf7-form-control-wrap text-899\"><input type=\"text\" name=\"text-899\" value=\"\" size=\"40\" class=\"wpcf7-form-control wpcf7-text\" aria-invalid=\"false\" placeholder=\"Objet\" \/><\/span><\/p>\n<p><span class=\"wpcf7-form-control-wrap tel-628\"><input type=\"tel\" name=\"tel-628\" value=\"\" size=\"40\" class=\"wpcf7-form-control wpcf7-text wpcf7-tel wpcf7-validates-as-required wpcf7-validates-as-tel\" aria-required=\"true\" aria-invalid=\"false\" placeholder=\"Num\u00e9ro de t\u00e9l\u00e9phone\" \/><\/span><span class=\"wpcf7-form-control-wrap email-910\"><input type=\"email\" name=\"email-910\" value=\"\" size=\"40\" class=\"wpcf7-form-control wpcf7-text wpcf7-email wpcf7-validates-as-required wpcf7-validates-as-email\" aria-required=\"true\" aria-invalid=\"false\" placeholder=\"E-mail\" \/><\/span><\/p>\n<\/div>\n<p><span class=\"wpcf7-form-control-wrap textarea-335\"><textarea name=\"textarea-335\" cols=\"40\" rows=\"10\" class=\"wpcf7-form-control wpcf7-textarea wpcf7-validates-as-required\" aria-required=\"true\" aria-invalid=\"false\" placeholder=\"Message\"><\/textarea><\/span><\/p>\n<p><span class=\"wpcf7-form-control-wrap acceptance-985\"><span class=\"wpcf7-form-control wpcf7-acceptance\"><span class=\"wpcf7-list-item\"><label><input type=\"checkbox\" name=\"acceptance-985\" value=\"1\" aria-invalid=\"false\" \/><span class=\"wpcf7-list-item-label\">J'accepte que mes coordonn\u00e9es fassent l'objet d'un traitement de donn\u00e9es. Nous vous garantissons sa confidentialit\u00e9.<\/span><\/label><\/span><\/span><\/span><\/p>\n<div class=\"button_wrap\">\n<input type=\"submit\" value=\"Envoyer le message\" class=\"wpcf7-form-control has-spinner wpcf7-submit\" \/>\n<\/div>\n<\/div>\n<p style=\"display: none !important;\"><label>&#916;<textarea name=\"_wpcf7_ak_hp_textarea\" cols=\"45\" rows=\"8\" maxlength=\"100\"><\/textarea><\/label><input type=\"hidden\" id=\"ak_js\" name=\"_wpcf7_ak_js\" value=\"67\"\/><script>document.getElementById( \"ak_js\" ).setAttribute( \"value\", ( new Date() ).getTime() );<\/script><\/p><div class=\"wpcf7-response-output\" aria-hidden=\"true\"><\/div><\/form><\/div><\/div><\/div><!-- \/.sc_content -->[vc_empty_space height=\u00a0\u00bb5em\u00a0\u00bb alter_height=\u00a0\u00bbnone\u00a0\u00bb hide_on_mobile=\u00a0\u00bb1&Prime;][vc_empty_space height=\u00a0\u00bb3em\u00a0\u00bb alter_height=\u00a0\u00bbnone\u00a0\u00bb hide_on_mobile=\u00a0\u00bb\u00a0\u00bb][\/vc_column][\/vc_row][vc_row full_width=\u00a0\u00bbstretch_row_content_no_spaces\u00a0\u00bb][vc_column]<div id=\"sc_googlemap_805879133_wrap\" class=\"sc_googlemap_wrap\"><div id=\"sc_googlemap_805879133\"\r\n\t\t\tclass=\"sc_googlemap sc_googlemap_default\"\r\n\t\t\t style=\"width:100%;height:425px;\"\t\t\tdata-zoom=\"16\"\r\n\t\t\tdata-style=\"dark\"\r\n\t\t\tdata-cluster-icon=\"857\"\r\n\t\t\t><iframe\r\n                    src=\"https:\/\/maps.google.com\/maps?t=m&output=embed&iwloc=near&z=16&q=3+rue+de+la+paix+61200+Argentan\"\r\n                    scrolling=\"no\"\r\n                    marginheight=\"0\"\r\n                    marginwidth=\"0\"\r\n                    frameborder=\"0\"\r\n                    aria-label=\"\"><\/iframe><\/div><\/div><!-- \/.sc_googlemap_wrap --><div class=\"sc_layouts sc_layouts_default sc_layouts_275\">[vc_row full_width=\"stretch_row_content_no_spaces\" css=\".vc_custom_1491572135931{background-color: #353d4d !important;}\"][vc_column icons_position=\"left\"][vc_empty_space height=\"2em\" alter_height=\"none\" hide_on_mobile=\"\"][vc_empty_space height=\"1em\" alter_height=\"none\" hide_on_mobile=\"1\"]<div id=\"sc_content_86214110\"\r\n\t\tclass=\"sc_content sc_content_default sc_float_center sc_content_width_1_1\"><div class=\"sc_content_container\">[vc_row_inner][vc_column_inner width=\"1\/3\" icons_position=\"left\"]<div class=\"sc_layouts_item\"><div id=\"sc_icons_1378141425\" \r\n\tclass=\"sc_icons sc_icons_default sc_icons_size_small sc_align_left\"><div class=\"sc_icons_item\"><div id=\"sc_icons_1378141425_icon-placeholder\" class=\"sc_icons_icon sc_icon_type_ icon-placeholder\"\r\n\t\t\t\t\t\t\t\t\t\t\t\t><span class=\"sc_icon_type_ icon-placeholder\"><\/span><\/div><h4 class=\"sc_icons_item_title\"><span>Adresses<\/span><\/h4><div class=\"sc_icons_item_description\"><span>3 rue de la paix 61200 Argentan<\/span><span>1 rue Cl\u00e9menceau 14700 Falaise (sur rdv)<\/span><\/div><\/div><\/div><!-- \/.sc_icons --><\/div>[\/vc_column_inner][vc_column_inner width=\"1\/3\" icons_position=\"left\"]<div class=\"sc_layouts_item\"><div id=\"sc_icons_622935029\" \r\n\tclass=\"sc_icons sc_icons_default sc_icons_size_small sc_align_left\"><div class=\"sc_icons_item sc_icons_item_linked\"><div id=\"sc_icons_622935029_icon-phone-call\" class=\"sc_icons_icon sc_icon_type_ icon-phone-call\"\r\n\t\t\t\t\t\t\t\t\t\t\t\t><span class=\"sc_icon_type_ icon-phone-call\"><\/span><\/div><h4 class=\"sc_icons_item_title\"><span>T\u00e9l\u00e9phone<\/span><\/h4><div class=\"sc_icons_item_description\"><span>02 33 67 09 98<\/span><\/div><a href=\"tel:02%2033%2067%2009%2098\" class=\"sc_icons_item_link\"><\/a><\/div><\/div><!-- \/.sc_icons --><\/div>[\/vc_column_inner][vc_column_inner width=\"1\/3\" icons_position=\"left\"]<div class=\"sc_layouts_item\"><div id=\"sc_icons_722613999\" \r\n\tclass=\"sc_icons sc_icons_default sc_icons_size_small sc_align_left\"><div class=\"sc_icons_item\"><div id=\"sc_icons_722613999_icon-clock-1\" class=\"sc_icons_icon sc_icon_type_ icon-clock-1\"\r\n\t\t\t\t\t\t\t\t\t\t\t\t><span class=\"sc_icon_type_ icon-clock-1\"><\/span><\/div><h4 class=\"sc_icons_item_title\"><span>Horaires<\/span><\/h4><div class=\"sc_icons_item_description\"><span>Lundi au Vendredi : 9h - 12h <\/span><span> 14h - 17h<\/span><\/div><\/div><\/div><!-- \/.sc_icons --><\/div>[\/vc_column_inner][\/vc_row_inner]<\/div><\/div><!-- \/.sc_content -->[vc_empty_space height=\"2em\" alter_height=\"none\" hide_on_mobile=\"\"][vc_empty_space height=\"1.3em\" alter_height=\"none\" hide_on_mobile=\"1\"][\/vc_column][\/vc_row][vc_row full_width=\"stretch_row_content_no_spaces\"][vc_column icons_position=\"left\"]<div id=\"sc_content_1105495756\"\r\n\t\tclass=\"sc_content sc_content_default sc_float_center\"><div class=\"sc_content_container\"><div class=\"sc_layouts_item\"><div id=\"sc_googlemap_569838759_wrap\" class=\"sc_googlemap_wrap\"><div id=\"sc_googlemap_569838759\"\r\n\t\t\tclass=\"sc_googlemap sc_googlemap_default\"\r\n\t\t\t style=\"width:100%;height:350px;\"\t\t\tdata-zoom=\"16\"\r\n\t\t\tdata-style=\"default\"\r\n\t\t\tdata-cluster-icon=\"\"\r\n\t\t\t><iframe\r\n                    src=\"https:\/\/maps.google.com\/maps?t=m&output=embed&iwloc=near&z=16&q=3+rue+de+la+paix+61200+Argentan\"\r\n                    scrolling=\"no\"\r\n                    marginheight=\"0\"\r\n                    marginwidth=\"0\"\r\n                    frameborder=\"0\"\r\n                    aria-label=\"\"><\/iframe><\/div><\/div><!-- \/.sc_googlemap_wrap --><\/div><\/div><\/div><!-- \/.sc_content -->[\/vc_column][\/vc_row][vc_row full_width=\"stretch_row_content\"][vc_column icons_position=\"left\"][vc_empty_space height=\"3.55em\" alter_height=\"none\" hide_on_mobile=\"1\"][vc_empty_space height=\"4em\" alter_height=\"none\" hide_on_mobile=\"\"]<div id=\"sc_content_984095862\"\r\n\t\tclass=\"sc_content sc_content_default sc_float_center sc_content_width_1_1\"><div class=\"sc_content_container\">[vc_row_inner][vc_column_inner width=\"1\/4\" icons_position=\"left\"]<div class=\"sc_layouts_item\"><div id=\"widget_contacts_607392667\" class=\"widget_area sc_widget_contacts vc_widget_contacts wpb_content_element\"><aside id=\"widget_contacts_607392667_widget\" class=\"widget widget_contacts\"><div class=\"contacts_wrap\"><div class=\"contacts_logo\"><img loading=\"lazy\" decoding=\"async\" src=\"https:\/\/lepasteur-avocats.fr\/wp-content\/uploads\/2017\/04\/Logo-site-internet-1.png\" alt=\"\" width=\"1000\" height=\"500\"><\/div><\/div><!-- \/.contacts_wrap --><\/aside><\/div><\/div>[\/vc_column_inner][vc_column_inner width=\"1\/4\" icons_position=\"left\"]<div class=\"sc_layouts_item\"><div id=\"sc_title_1040899839\"\r\n\t\tclass=\"sc_title sc_title_line_below\"><h3 class=\"sc_item_title sc_title_title sc_align_left sc_item_title_style_line_below sc_item_title_tag\">Pages<\/h3><\/div><!-- \/.sc_title --><\/div>[vc_wp_custommenu nav_menu=\"26\"][\/vc_column_inner][vc_column_inner width=\"1\/4\" icons_position=\"left\"]<div class=\"sc_layouts_item\"><div id=\"sc_title_1485967161\"\r\n\t\tclass=\"sc_title sc_title_line_below\"><h3 class=\"sc_item_title sc_title_title sc_align_left sc_item_title_style_line_below sc_item_title_tag\">Liens utiles<\/h3><\/div><!-- \/.sc_title --><\/div>[vc_wp_custommenu nav_menu=\"32\"][\/vc_column_inner][vc_column_inner width=\"1\/4\" icons_position=\"left\"]<div class=\"sc_layouts_item\"><div id=\"sc_title_886610331\"\r\n\t\tclass=\"sc_title sc_title_line_below\"><h3 class=\"sc_item_title sc_title_title sc_align_left sc_item_title_style_line_below sc_item_title_tag\">Bo\u00eete \u00e0 outils<\/h3><\/div><!-- \/.sc_title --><\/div>[vc_wp_custommenu nav_menu=\"33\"][vc_empty_space height=\"2em\" alter_height=\"none\" hide_on_mobile=\"\"][\/vc_column_inner][\/vc_row_inner]<\/div><\/div><!-- \/.sc_content -->[vc_empty_space height=\"2em\" alter_height=\"none\" hide_on_mobile=\"\"][vc_empty_space height=\"3em\" alter_height=\"none\" hide_on_mobile=\"1\"][\/vc_column][\/vc_row][vc_row full_width=\"stretch_row\" css=\".vc_custom_1488117979595{background-color: #fafafa !important;}\"][vc_column icons_position=\"left\"]<div id=\"sc_content_1742982640\"\r\n\t\tclass=\"sc_content sc_content_default sc_float_center sc_content_width_1_1\"><div class=\"sc_content_container\">[vc_row_inner][vc_column_inner icons_position=\"left\"][vc_wp_text]\r\n<p style=\"text-align: right;\"><a href=\"http:\/\/lepasteur-avocats.fr\/?page_id=1023\" target=\"_blank\" rel=\"noopener\"><img loading=\"lazy\" decoding=\"async\" class=\"alignleft wp-image-1124\" src=\"http:\/\/lepasteur-avocats.fr\/wp-content\/uploads\/2023\/06\/Logo-seul.png\" alt=\"\" width=\"60\" height=\"60\" \/><\/a><\/p>\r\n<p style=\"text-align: center;\">3 rue de la paix 61200 Argentan\u00a0 -\u00a0<strong> 02 33 67 09 98<\/strong> - 1 rue Cl\u00e9menceau 14700 Falaise\u00a0 -\u00a0 <em>contact@lepasteur-avocats.fr<\/em><\/p>\r\n<p style=\"text-align: center;\"><a href=\"https:\/\/www.lepasteur-avocats.fr\/\" target=\"_blank\" rel=\"noopener\">LE PASTEUR &amp; ASSOCIES - AVOCATS \u00a9<\/a> .\u00a0 Tous droits r\u00e9serv\u00e9s. <a href=\"https:\/\/themerex.net\/terms-of-service\/\" target=\"_blank\" rel=\"noopener\">Terms of use<\/a> and <a href=\"http:\/\/lepasteur-avocats.fr\/?page_id=1023\" target=\"_blank\" rel=\"noopener\">Politique de confidentialit\u00e9.<\/a><\/p>\r\n[\/vc_wp_text][\/vc_column_inner][\/vc_row_inner]<\/div><\/div><!-- \/.sc_content -->[\/vc_column][\/vc_row]<\/div>[\/vc_column][\/vc_row][vc_row][vc_column][vc_column_text]<span style=\"color: #ffffff;\">Mots-clefs : avocat argentan, avocats argentan, avocat falaise, avocats falaise, avocat caen, avocats caen, avocat alen\u00e7on, avocats alen\u00e7on, avocat normandie, avocat orne, avocat calvados, avocat divorce, avocat responsabilit\u00e9, le pasteur avocat, le pasteur avocats, lepasteur avocat, avocat droit de la famille, avocat droit commercial, avocat droit du travail, avocat licenciement, avocat droit rural, avocat argentan divorce, avocat falaise divorce, avocat affaires<\/span>[\/vc_column_text][\/vc_column][\/vc_row]<\/p>\n","protected":false},"excerpt":{"rendered":"<p>[vc_row][vc_column][vc_empty_space alter_height=\u00a0\u00bbbig\u00a0\u00bb hide_on_mobile=\u00a0\u00bb1&Prime;][\/vc_column][\/vc_row][vc_row][vc_column width=\u00a0\u00bb1\/3&Prime;][vc_empty_space height=\u00a0\u00bb3em\u00a0\u00bb alter_height=\u00a0\u00bbnone\u00a0\u00bb hide_on_mobile=\u00a0\u00bb\u00a0\u00bb][vc_icon icon_fontawesome=\u00a0\u00bbicon-placeholder\u00a0\u00bb color=\u00a0\u00bbcustom\u00a0\u00bb size=\u00a0\u00bblg\u00a0\u00bb align=\u00a0\u00bbcenter\u00a0\u00bb custom_color=\u00a0\u00bb#d4a971&Prime; css=\u00a0\u00bb.vc_custom_1491218870986{margin-bottom: 0px !important;}\u00a0\u00bb][vc_empty_space height=\u00a0\u00bb1.5em\u00a0\u00bb alter_height=\u00a0\u00bbnone\u00a0\u00bb hide_on_mobile=\u00a0\u00bb\u00a0\u00bb][vc_column_text] Deux adresses en Normandie [\/vc_column_text][vc_empty_space height=\u00a0\u00bb0.45em\u00a0\u00bb alter_height=\u00a0\u00bbnone\u00a0\u00bb hide_on_mobile=\u00a0\u00bb\u00a0\u00bb][vc_custom_heading text=\u00a0\u00bb3 rue de la paix 61200 Argentan\u00a0\u00bb font_container=\u00a0\u00bbtag:p|font_size:13px|text_align:center|line_height:20px\u00a0\u00bb use_theme_fonts=\u00a0\u00bbyes\u00a0\u00bb css=\u00a0\u00bb.vc_custom_1639751645050{margin-top: 0px !important;margin-bottom: 0px !important;}\u00a0\u00bb][vc_custom_heading text=\u00a0\u00bb1 rue Cl\u00e9menceau 14700 Falaise&hellip;<\/p>\n","protected":false},"author":1,"featured_media":0,"parent":0,"menu_order":0,"comment_status":"closed","ping_status":"closed","template":"","meta":{"footnotes":""},"class_list":["post-164","page","type-page","status-publish","hentry"],"_links":{"self":[{"href":"https:\/\/lepasteur-avocats.fr\/index.php?rest_route=\/wp\/v2\/pages\/164","targetHints":{"allow":["GET"]}}],"collection":[{"href":"https:\/\/lepasteur-avocats.fr\/index.php?rest_route=\/wp\/v2\/pages"}],"about":[{"href":"https:\/\/lepasteur-avocats.fr\/index.php?rest_route=\/wp\/v2\/types\/page"}],"author":[{"embeddable":true,"href":"https:\/\/lepasteur-avocats.fr\/index.php?rest_route=\/wp\/v2\/users\/1"}],"replies":[{"embeddable":true,"href":"https:\/\/lepasteur-avocats.fr\/index.php?rest_route=%2Fwp%2Fv2%2Fcomments&post=164"}],"version-history":[{"count":12,"href":"https:\/\/lepasteur-avocats.fr\/index.php?rest_route=\/wp\/v2\/pages\/164\/revisions"}],"predecessor-version":[{"id":1157,"href":"https:\/\/lepasteur-avocats.fr\/index.php?rest_route=\/wp\/v2\/pages\/164\/revisions\/1157"}],"wp:attachment":[{"href":"https:\/\/lepasteur-avocats.fr\/index.php?rest_route=%2Fwp%2Fv2%2Fmedia&parent=164"}],"curies":[{"name":"wp","href":"https:\/\/api.w.org\/{rel}","templated":true}]}}