{"id":193,"date":"2017-02-26T11:18:17","date_gmt":"2017-02-26T11:18:17","guid":{"rendered":"https:\/\/legal-stone.themerex.net\/?page_id=193"},"modified":"2025-10-11T05:33:52","modified_gmt":"2025-10-11T05:33:52","slug":"our-services","status":"publish","type":"page","link":"https:\/\/lepasteur-avocats.fr\/?page_id=193","title":{"rendered":"Comp\u00e9tences"},"content":{"rendered":"<p>[vc_row][vc_column][\/vc_column][\/vc_row][vc_row][vc_column]<div  id=\"sc_promo_1622593550\" \r\n\tclass=\"sc_promo sc_promo_default sc_promo_size_normal sc_promo_no_paddings sc_promo_image_position_left\"><div class=\"sc_promo_image\" style=\"background-image:url(https:\/\/lepasteur-avocats.fr\/wp-content\/uploads\/2021\/12\/avocat_aide.jpg);width:50%;left: 0;\"><\/div><div class=\"sc_promo_text\" style=\"width: 50%;float: right;\">\r\n\t\t\t<div class=\"sc_promo_text_inner\" style=\"\"><h1 class=\"sc_item_title sc_promo_title sc_align_left sc_item_title_style_default sc_item_title_tag\">Nous sommes l\u00e0 pour vous aider<\/h1><div class=\"sc_item_descr sc_promo_descr sc_align_left\"><p>Que vous soyez demandeur ou d\u00e9fendeur, coupable ou innocent, nous mettons notre expertise \u00e0 votre service, afin de vous assurer la meilleure des d\u00e9fenses.<\/p>\n<\/div><a href=\"http:\/\/lepasteur-avocats.fr\/?page_id=164\" id=\"sc_button_313900969\" class=\"sc_button sc_button_default2 sc_button_size_normal sc_button_icon_left\"><span class=\"sc_button_text\"><span class=\"sc_button_title\">Contactez-nous<\/span><\/span><!-- \/.sc_button_text --><\/a><!-- \/.sc_button --><\/div>\r\n\t\t<\/div><!-- \/.sc_promo_text --><\/div><!-- \/.sc_promo -->[\/vc_column][\/vc_row][vc_row][vc_column][vc_empty_space alter_height=\u00a0\u00bbmedium\u00a0\u00bb hide_on_mobile=\u00a0\u00bb1&Prime;][vc_empty_space height=\u00a0\u00bb2.5em\u00a0\u00bb alter_height=\u00a0\u00bbnone\u00a0\u00bb hide_on_mobile=\u00a0\u00bb1&Prime;][vc_empty_space height=\u00a0\u00bb3em\u00a0\u00bb alter_height=\u00a0\u00bbnone\u00a0\u00bb hide_on_mobile=\u00a0\u00bb\u00a0\u00bb][\/vc_column][\/vc_row][vc_row full_width=\u00a0\u00bbstretch_row\u00a0\u00bb css=\u00a0\u00bb.vc_custom_1488107618977{background-color: #fafafa !important;}\u00a0\u00bb][vc_column][vc_empty_space height=\u00a0\u00bb1.2em\u00a0\u00bb alter_height=\u00a0\u00bbnone\u00a0\u00bb hide_on_mobile=\u00a0\u00bb1&Prime;][vc_empty_space alter_height=\u00a0\u00bblarge\u00a0\u00bb hide_on_mobile=\u00a0\u00bb1&Prime;]<div id=\"sc_services_1771102911\" class=\"sc_services sc_services_default sc_services_featured_top\"><h1 class=\"sc_item_title sc_services_title sc_align_center sc_item_title_style_custom_image sc_item_title_tag\">Nos domaines d'intervention<\/h1><div class=\"sc_item_descr sc_services_descr sc_align_center\"><p>L'assistance d'un avocat est essentielle pour garantir un acc\u00e8s \u00e9quitable \u00e0 la justice.<\/p>\n<\/div><div class=\"sc_services_columns sc_item_columns sc_item_columns_4 trx_addons_columns_wrap columns_padding_bottom\"><div class=\"trx_addons_column-1_4\"><div class=\"sc_services_item with_content with_icon sc_services_item_featured_top\">\r\n\t<a href=\"https:\/\/lepasteur-avocats.fr\/?cpt_services=droit-responsabilite\"\r\n\t\t\t id=\"sc_services_1771102911_icon-graduation-light\"\r\n\t\t\t class=\"sc_services_item_icon icon-graduation-light\"\r\n\t\t\t ><\/a>\t\r\n\t<div class=\"sc_services_item_info\">\r\n\t\t<div class=\"sc_services_item_header\">\r\n\t\t\t<h4 class=\"sc_services_item_title\"><a href=\"https:\/\/lepasteur-avocats.fr\/?cpt_services=droit-responsabilite\">Droit de la responsabilit\u00e9<\/a><\/h4>\r\n\t\t\t<div class=\"sc_services_item_subtitle\"><a href=\"https:\/\/lepasteur-avocats.fr\/?cpt_services_group=competences\" title=\"View all posts in Comp\u00e9tences\">Comp\u00e9tences<\/a><\/div>\r\n\t\t<\/div>\r\n\t\t\t\t\t<div class=\"sc_services_item_content\"><p>Nous vous accompagnons dans toutes les proc\u00e9dures engageant la responsabilit\u00e9 d&rsquo;une personne.<\/p>\n<\/div>\r\n                            <span class=\"sc_services_dot\"><\/span>\r\n            <span class=\"sc_services_dot\"><\/span>\r\n            <span class=\"sc_services_dot\"><\/span>\r\n\r\n\t\t\t<\/div>\r\n<\/div>\r\n<\/div><div class=\"trx_addons_column-1_4\"><div class=\"sc_services_item with_content with_icon sc_services_item_featured_top\">\r\n\t<a href=\"https:\/\/lepasteur-avocats.fr\/?cpt_services=droit-commercial-affaires\"\r\n\t\t\t id=\"sc_services_1771102911_icon-libra\"\r\n\t\t\t class=\"sc_services_item_icon icon-libra\"\r\n\t\t\t ><\/a>\t\r\n\t<div class=\"sc_services_item_info\">\r\n\t\t<div class=\"sc_services_item_header\">\r\n\t\t\t<h4 class=\"sc_services_item_title\"><a href=\"https:\/\/lepasteur-avocats.fr\/?cpt_services=droit-commercial-affaires\">Droit commercial &#038; affaires<\/a><\/h4>\r\n\t\t\t<div class=\"sc_services_item_subtitle\"><a href=\"https:\/\/lepasteur-avocats.fr\/?cpt_services_group=competences\" title=\"View all posts in Comp\u00e9tences\">Comp\u00e9tences<\/a><\/div>\r\n\t\t<\/div>\r\n\t\t\t\t\t<div class=\"sc_services_item_content\"><p>Notre cabinet est sp\u00e9cialis\u00e9 en droit commercial, des affaires et de la concurrence.<\/p>\n<\/div>\r\n                            <span class=\"sc_services_dot\"><\/span>\r\n            <span class=\"sc_services_dot\"><\/span>\r\n            <span class=\"sc_services_dot\"><\/span>\r\n\r\n\t\t\t<\/div>\r\n<\/div>\r\n<\/div><div class=\"trx_addons_column-1_4\"><div class=\"sc_services_item with_content with_icon sc_services_item_featured_top\">\r\n\t<a href=\"https:\/\/lepasteur-avocats.fr\/?cpt_services=droit-du-travail\"\r\n\t\t\t id=\"sc_services_1771102911_icon-portfolio\"\r\n\t\t\t class=\"sc_services_item_icon icon-portfolio\"\r\n\t\t\t ><\/a>\t\r\n\t<div class=\"sc_services_item_info\">\r\n\t\t<div class=\"sc_services_item_header\">\r\n\t\t\t<h4 class=\"sc_services_item_title\"><a href=\"https:\/\/lepasteur-avocats.fr\/?cpt_services=droit-du-travail\">Droit du travail<\/a><\/h4>\r\n\t\t\t<div class=\"sc_services_item_subtitle\"><a href=\"https:\/\/lepasteur-avocats.fr\/?cpt_services_group=competences\" title=\"View all posts in Comp\u00e9tences\">Comp\u00e9tences<\/a><\/div>\r\n\t\t<\/div>\r\n\t\t\t\t\t<div class=\"sc_services_item_content\"><p>Notre cabinet est sp\u00e9cialis\u00e9 en droit du travail.<\/p>\n<\/div>\r\n                            <span class=\"sc_services_dot\"><\/span>\r\n            <span class=\"sc_services_dot\"><\/span>\r\n            <span class=\"sc_services_dot\"><\/span>\r\n\r\n\t\t\t<\/div>\r\n<\/div>\r\n<\/div><div class=\"trx_addons_column-1_4\"><div class=\"sc_services_item with_content with_icon sc_services_item_featured_top\">\r\n\t<a href=\"https:\/\/lepasteur-avocats.fr\/?cpt_services=droit-de-la-famille\"\r\n\t\t\t id=\"sc_services_1771102911_icon-home-alt\"\r\n\t\t\t class=\"sc_services_item_icon icon-home-alt\"\r\n\t\t\t ><\/a>\t\r\n\t<div class=\"sc_services_item_info\">\r\n\t\t<div class=\"sc_services_item_header\">\r\n\t\t\t<h4 class=\"sc_services_item_title\"><a href=\"https:\/\/lepasteur-avocats.fr\/?cpt_services=droit-de-la-famille\">Droit de la famille<\/a><\/h4>\r\n\t\t\t<div class=\"sc_services_item_subtitle\"><a href=\"https:\/\/lepasteur-avocats.fr\/?cpt_services_group=competences\" title=\"View all posts in Comp\u00e9tences\">Comp\u00e9tences<\/a><\/div>\r\n\t\t<\/div>\r\n\t\t\t\t\t<div class=\"sc_services_item_content\"><p>Garde d&rsquo;enfant, succession, filiation, \u00e9tat-civil, tutelle &#038; curatelle&#8230;<\/p>\n<\/div>\r\n                            <span class=\"sc_services_dot\"><\/span>\r\n            <span class=\"sc_services_dot\"><\/span>\r\n            <span class=\"sc_services_dot\"><\/span>\r\n\r\n\t\t\t<\/div>\r\n<\/div>\r\n<\/div><div class=\"trx_addons_column-1_4\"><div class=\"sc_services_item with_content with_icon sc_services_item_featured_top\">\r\n\t<a href=\"https:\/\/lepasteur-avocats.fr\/?cpt_services=droit-rural\"\r\n\t\t\t id=\"sc_services_1771102911_icon-floor\"\r\n\t\t\t class=\"sc_services_item_icon icon-floor\"\r\n\t\t\t ><\/a>\t\r\n\t<div class=\"sc_services_item_info\">\r\n\t\t<div class=\"sc_services_item_header\">\r\n\t\t\t<h4 class=\"sc_services_item_title\"><a href=\"https:\/\/lepasteur-avocats.fr\/?cpt_services=droit-rural\">Droit rural<\/a><\/h4>\r\n\t\t\t<div class=\"sc_services_item_subtitle\"><a href=\"https:\/\/lepasteur-avocats.fr\/?cpt_services_group=competences\" title=\"View all posts in Comp\u00e9tences\">Comp\u00e9tences<\/a><\/div>\r\n\t\t<\/div>\r\n\t\t\t\t\t<div class=\"sc_services_item_content\"><p>Un contentieux pratiqu\u00e9 par Ma\u00eetre LE PASTEUR depuis de nombreuses ann\u00e9es.<\/p>\n<\/div>\r\n                            <span class=\"sc_services_dot\"><\/span>\r\n            <span class=\"sc_services_dot\"><\/span>\r\n            <span class=\"sc_services_dot\"><\/span>\r\n\r\n\t\t\t<\/div>\r\n<\/div>\r\n<\/div><div class=\"trx_addons_column-1_4\"><div class=\"sc_services_item with_content with_icon sc_services_item_featured_top\">\r\n\t<a href=\"https:\/\/lepasteur-avocats.fr\/?cpt_services=encheres\"\r\n\t\t\t id=\"sc_services_1771102911_icon-gavel\"\r\n\t\t\t class=\"sc_services_item_icon icon-gavel\"\r\n\t\t\t ><\/a>\t\r\n\t<div class=\"sc_services_item_info\">\r\n\t\t<div class=\"sc_services_item_header\">\r\n\t\t\t<h4 class=\"sc_services_item_title\"><a href=\"https:\/\/lepasteur-avocats.fr\/?cpt_services=encheres\">Ench\u00e8res<\/a><\/h4>\r\n\t\t\t<div class=\"sc_services_item_subtitle\"><a href=\"https:\/\/lepasteur-avocats.fr\/?cpt_services_group=competences\" title=\"View all posts in Comp\u00e9tences\">Comp\u00e9tences<\/a><\/div>\r\n\t\t<\/div>\r\n\t\t\t\t\t<div class=\"sc_services_item_content\"><p>Nous vous repr\u00e9sentons pour porter ench\u00e8re.<\/p>\n<\/div>\r\n                            <span class=\"sc_services_dot\"><\/span>\r\n            <span class=\"sc_services_dot\"><\/span>\r\n            <span class=\"sc_services_dot\"><\/span>\r\n\r\n\t\t\t<\/div>\r\n<\/div>\r\n<\/div><div class=\"trx_addons_column-1_4\"><div class=\"sc_services_item with_content with_icon sc_services_item_featured_top\">\r\n\t<a href=\"https:\/\/lepasteur-avocats.fr\/?cpt_services=divorces\"\r\n\t\t\t id=\"sc_services_1771102911_icon-male\"\r\n\t\t\t class=\"sc_services_item_icon icon-male\"\r\n\t\t\t ><\/a>\t\r\n\t<div class=\"sc_services_item_info\">\r\n\t\t<div class=\"sc_services_item_header\">\r\n\t\t\t<h4 class=\"sc_services_item_title\"><a href=\"https:\/\/lepasteur-avocats.fr\/?cpt_services=divorces\">Divorces<\/a><\/h4>\r\n\t\t\t<div class=\"sc_services_item_subtitle\"><a href=\"https:\/\/lepasteur-avocats.fr\/?cpt_services_group=competences\" title=\"View all posts in Comp\u00e9tences\">Comp\u00e9tences<\/a><\/div>\r\n\t\t<\/div>\r\n\t\t\t\t\t<div class=\"sc_services_item_content\"><p>Les divorces repr\u00e9sentent une part importante de nos dossiers. <\/p>\n<\/div>\r\n                            <span class=\"sc_services_dot\"><\/span>\r\n            <span class=\"sc_services_dot\"><\/span>\r\n            <span class=\"sc_services_dot\"><\/span>\r\n\r\n\t\t\t<\/div>\r\n<\/div>\r\n<\/div><div class=\"trx_addons_column-1_4\"><div class=\"sc_services_item with_content with_icon sc_services_item_featured_top\">\r\n\t<a href=\"https:\/\/lepasteur-avocats.fr\/?cpt_services=droit-penal\"\r\n\t\t\t id=\"sc_services_1771102911_icon-museum\"\r\n\t\t\t class=\"sc_services_item_icon icon-museum\"\r\n\t\t\t ><\/a>\t\r\n\t<div class=\"sc_services_item_info\">\r\n\t\t<div class=\"sc_services_item_header\">\r\n\t\t\t<h4 class=\"sc_services_item_title\"><a href=\"https:\/\/lepasteur-avocats.fr\/?cpt_services=droit-penal\">Droit p\u00e9nal<\/a><\/h4>\r\n\t\t\t<div class=\"sc_services_item_subtitle\"><a href=\"https:\/\/lepasteur-avocats.fr\/?cpt_services_group=competences\" title=\"View all posts in Comp\u00e9tences\">Comp\u00e9tences<\/a><\/div>\r\n\t\t<\/div>\r\n\t\t\t\t\t<div class=\"sc_services_item_content\"><p>Devant le Tribunal correctionnel, la Cour criminelle ou d&rsquo;assises. Garde \u00e0 vue et CRPC.<\/p>\n<\/div>\r\n                            <span class=\"sc_services_dot\"><\/span>\r\n            <span class=\"sc_services_dot\"><\/span>\r\n            <span class=\"sc_services_dot\"><\/span>\r\n\r\n\t\t\t<\/div>\r\n<\/div>\r\n<\/div><\/div><\/div><!-- \/.sc_services -->[vc_empty_space height=\u00a0\u00bb2.5em\u00a0\u00bb alter_height=\u00a0\u00bbnone\u00a0\u00bb hide_on_mobile=\u00a0\u00bb\u00a0\u00bb][vc_empty_space alter_height=\u00a0\u00bblarge\u00a0\u00bb hide_on_mobile=\u00a0\u00bb1&Prime;][\/vc_column][\/vc_row][vc_row][vc_column][vc_column_text]<span style=\"color: #ffffff;\">Mots-clefs : avocat argentan, avocats argentan, avocat falaise, avocats falaise, avocat caen, avocats caen, avocat alen\u00e7on, avocats alen\u00e7on, avocat normandie, avocat orne, avocat calvados, avocat divorce, avocat responsabilit\u00e9, le pasteur avocat, le pasteur avocats, lepasteur avocat, avocat droit de la famille, avocat droit commercial, avocat droit du travail, avocat licenciement, avocat droit rural<\/span>[\/vc_column_text][\/vc_column][\/vc_row]<\/p>\n","protected":false},"excerpt":{"rendered":"<p>[vc_row][vc_column][\/vc_column][\/vc_row][vc_row][vc_column][\/vc_column][\/vc_row][vc_row][vc_column][vc_empty_space alter_height=\u00a0\u00bbmedium\u00a0\u00bb hide_on_mobile=\u00a0\u00bb1&Prime;][vc_empty_space height=\u00a0\u00bb2.5em\u00a0\u00bb alter_height=\u00a0\u00bbnone\u00a0\u00bb hide_on_mobile=\u00a0\u00bb1&Prime;][vc_empty_space height=\u00a0\u00bb3em\u00a0\u00bb alter_height=\u00a0\u00bbnone\u00a0\u00bb hide_on_mobile=\u00a0\u00bb\u00a0\u00bb][\/vc_column][\/vc_row][vc_row full_width=\u00a0\u00bbstretch_row\u00a0\u00bb css=\u00a0\u00bb.vc_custom_1488107618977{background-color: #fafafa !important;}\u00a0\u00bb][vc_column][vc_empty_space height=\u00a0\u00bb1.2em\u00a0\u00bb alter_height=\u00a0\u00bbnone\u00a0\u00bb hide_on_mobile=\u00a0\u00bb1&Prime;][vc_empty_space alter_height=\u00a0\u00bblarge\u00a0\u00bb hide_on_mobile=\u00a0\u00bb1&Prime;][vc_empty_space height=\u00a0\u00bb2.5em\u00a0\u00bb alter_height=\u00a0\u00bbnone\u00a0\u00bb hide_on_mobile=\u00a0\u00bb\u00a0\u00bb][vc_empty_space alter_height=\u00a0\u00bblarge\u00a0\u00bb hide_on_mobile=\u00a0\u00bb1&Prime;][\/vc_column][\/vc_row][vc_row][vc_column][vc_column_text]Mots-clefs : avocat argentan, avocats argentan, avocat falaise, avocats falaise, avocat caen, avocats caen, avocat alen\u00e7on, avocats alen\u00e7on, avocat normandie, avocat orne, avocat&hellip;<\/p>\n","protected":false},"author":1,"featured_media":0,"parent":0,"menu_order":0,"comment_status":"closed","ping_status":"closed","template":"","meta":{"footnotes":""},"class_list":["post-193","page","type-page","status-publish","hentry"],"_links":{"self":[{"href":"https:\/\/lepasteur-avocats.fr\/index.php?rest_route=\/wp\/v2\/pages\/193","targetHints":{"allow":["GET"]}}],"collection":[{"href":"https:\/\/lepasteur-avocats.fr\/index.php?rest_route=\/wp\/v2\/pages"}],"about":[{"href":"https:\/\/lepasteur-avocats.fr\/index.php?rest_route=\/wp\/v2\/types\/page"}],"author":[{"embeddable":true,"href":"https:\/\/lepasteur-avocats.fr\/index.php?rest_route=\/wp\/v2\/users\/1"}],"replies":[{"embeddable":true,"href":"https:\/\/lepasteur-avocats.fr\/index.php?rest_route=%2Fwp%2Fv2%2Fcomments&post=193"}],"version-history":[{"count":18,"href":"https:\/\/lepasteur-avocats.fr\/index.php?rest_route=\/wp\/v2\/pages\/193\/revisions"}],"predecessor-version":[{"id":1192,"href":"https:\/\/lepasteur-avocats.fr\/index.php?rest_route=\/wp\/v2\/pages\/193\/revisions\/1192"}],"wp:attachment":[{"href":"https:\/\/lepasteur-avocats.fr\/index.php?rest_route=%2Fwp%2Fv2%2Fmedia&parent=193"}],"curies":[{"name":"wp","href":"https:\/\/api.w.org\/{rel}","templated":true}]}}