{"id":200,"date":"2017-02-26T11:39:38","date_gmt":"2017-02-26T11:39:38","guid":{"rendered":"https:\/\/legal-stone.themerex.net\/?page_id=200"},"modified":"2022-01-12T11:12:29","modified_gmt":"2022-01-12T11:12:29","slug":"about-the-company","status":"publish","type":"page","link":"https:\/\/lepasteur-avocats.fr\/?page_id=200","title":{"rendered":"Honoraires"},"content":{"rendered":"<p>[vc_row][vc_column][vc_empty_space height=\u00a0\u00bb3em\u00a0\u00bb alter_height=\u00a0\u00bbnone\u00a0\u00bb hide_on_mobile=\u00a0\u00bb\u00a0\u00bb][vc_empty_space height=\u00a0\u00bb1.1em\u00a0\u00bb alter_height=\u00a0\u00bbnone\u00a0\u00bb hide_on_mobile=\u00a0\u00bb1&Prime;][vc_empty_space alter_height=\u00a0\u00bblarge\u00a0\u00bb hide_on_mobile=\u00a0\u00bb1&Prime;]<div id=\"sc_title_868793510\"\r\n\t\tclass=\"sc_title sc_title_custom_image\"><h1 class=\"sc_item_title sc_title_title sc_align_center sc_item_title_style_custom_image sc_item_title_tag\">Des honoraires ma\u00eetris\u00e9s<\/h1><div class=\"sc_item_descr sc_title_descr sc_align_center\"><p>Nous mettons tout en \u0153uvre pour vous assurer une parfaite ma\u00eetrise des frais que vous devrez engager dans le cadre de la proc\u00e9dure.<\/p>\n<\/div><\/div><!-- \/.sc_title -->[vc_empty_space height=\u00a0\u00bb2.3em\u00a0\u00bb alter_height=\u00a0\u00bbnone\u00a0\u00bb hide_on_mobile=\u00a0\u00bb\u00a0\u00bb]<div id=\"sc_services_109367841\" class=\"sc_services sc_services_light sc_services_featured_top\"><div class=\"sc_services_columns sc_item_columns sc_item_columns_3 trx_addons_columns_wrap columns_padding_bottom\"><div class=\"trx_addons_column-1_3\"><div class=\"sc_services_item with_content with_image sc_services_item_featured_top\">\r\n\t<div class=\"post_featured with_thumb hover_dots sc_services_item_thumb\"><img loading=\"lazy\" decoding=\"async\" width=\"370\" height=\"270\" src=\"https:\/\/lepasteur-avocats.fr\/wp-content\/uploads\/2017\/02\/post-10-370x270.jpg\" class=\"attachment-legal_stone-thumb-med size-legal_stone-thumb-med wp-post-image\" alt=\"Le 1er rendez-vous\" \/><div class=\"mask\"><\/div><a href=\"https:\/\/lepasteur-avocats.fr\/?cpt_services=premier_rendez_vous\" aria-hidden=\"true\" class=\"icons\"><span><\/span><span><\/span><span><\/span><\/a><\/div>\t\r\n\t<div class=\"sc_services_item_info\">\r\n        <span class=\"sc_services_item_number\">01<\/span>\r\n\t\t<div class=\"sc_services_item_header\">\r\n\t\t\t\t\t\t<h3 class=\"sc_services_item_title\"><a href=\"https:\/\/lepasteur-avocats.fr\/?cpt_services=premier_rendez_vous\">Le 1er rendez-vous<\/a><\/h3>\r\n\r\n\t\t<\/div>\r\n\t\t\t\t\t<div class=\"sc_services_item_content\"><p>La question des honoraires et frais est abord\u00e9e d\u00e8s le premier rendez-vous et concr\u00e9tis\u00e9e par une convention d\u2019honoraires, soumise d\u00e8s le d\u00e9but de la proc\u00e9dure.<\/p>\n<\/div>\r\n\t\t\t<div class=\"sc_services_item_button sc_item_button\"><a href=\"https:\/\/lepasteur-avocats.fr\/?cpt_services=premier_rendez_vous\" class=\"sc_button sc_button_simple\">Read more<\/a><\/div>\r\n\t\t\t<\/div>\r\n<\/div>\r\n<\/div><div class=\"trx_addons_column-1_3\"><div class=\"sc_services_item with_content with_image sc_services_item_featured_top\">\r\n\t<div class=\"post_featured with_thumb hover_dots sc_services_item_thumb\"><img loading=\"lazy\" decoding=\"async\" width=\"370\" height=\"270\" src=\"https:\/\/lepasteur-avocats.fr\/wp-content\/uploads\/2017\/02\/post-1-370x270.jpg\" class=\"attachment-legal_stone-thumb-med size-legal_stone-thumb-med wp-post-image\" alt=\"La convention d&rsquo;honoraires\" \/><div class=\"mask\"><\/div><a href=\"https:\/\/lepasteur-avocats.fr\/?cpt_services=convention_d_honoraires\" aria-hidden=\"true\" class=\"icons\"><span><\/span><span><\/span><span><\/span><\/a><\/div>\t\r\n\t<div class=\"sc_services_item_info\">\r\n        <span class=\"sc_services_item_number\">02<\/span>\r\n\t\t<div class=\"sc_services_item_header\">\r\n\t\t\t\t\t\t<h3 class=\"sc_services_item_title\"><a href=\"https:\/\/lepasteur-avocats.fr\/?cpt_services=convention_d_honoraires\">La convention d&rsquo;honoraires<\/a><\/h3>\r\n\r\n\t\t<\/div>\r\n\t\t\t\t\t<div class=\"sc_services_item_content\"><p>Elle comprend un forfait de base et expose l&rsquo;ensemble des frais pr\u00e9visibles. Elle peut faire l&rsquo;objet d&rsquo;un \u00e9ch\u00e9ancier et doit \u00eatre retourn\u00e9e sign\u00e9e, accompagn\u00e9e d&rsquo;un 1er r\u00e8glement.<\/p>\n<\/div>\r\n\t\t\t<div class=\"sc_services_item_button sc_item_button\"><a href=\"https:\/\/lepasteur-avocats.fr\/?cpt_services=convention_d_honoraires\" class=\"sc_button sc_button_simple\">Read more<\/a><\/div>\r\n\t\t\t<\/div>\r\n<\/div>\r\n<\/div><div class=\"trx_addons_column-1_3\"><div class=\"sc_services_item with_content with_image sc_services_item_featured_top\">\r\n\t<div class=\"post_featured with_thumb hover_dots sc_services_item_thumb\"><img loading=\"lazy\" decoding=\"async\" width=\"370\" height=\"270\" src=\"https:\/\/lepasteur-avocats.fr\/wp-content\/uploads\/2017\/02\/post-15-370x270.jpg\" class=\"attachment-legal_stone-thumb-med size-legal_stone-thumb-med wp-post-image\" alt=\"Pendant la proc\u00e9dure\" \/><div class=\"mask\"><\/div><a href=\"https:\/\/lepasteur-avocats.fr\/?cpt_services=judical-process\" aria-hidden=\"true\" class=\"icons\"><span><\/span><span><\/span><span><\/span><\/a><\/div>\t\r\n\t<div class=\"sc_services_item_info\">\r\n        <span class=\"sc_services_item_number\">03<\/span>\r\n\t\t<div class=\"sc_services_item_header\">\r\n\t\t\t\t\t\t<h3 class=\"sc_services_item_title\"><a href=\"https:\/\/lepasteur-avocats.fr\/?cpt_services=judical-process\">Pendant la proc\u00e9dure<\/a><\/h3>\r\n\r\n\t\t<\/div>\r\n\t\t\t\t\t<div class=\"sc_services_item_content\"><p>Certaines proc\u00e9dures n\u00e9cessitent des actes non pr\u00e9vus dans la convention d&rsquo;honoraires qui font alors l&rsquo;objet d&rsquo;une facturation s\u00e9par\u00e9e. Le client en est toujours inform\u00e9.<\/p>\n<\/div>\r\n\t\t\t<div class=\"sc_services_item_button sc_item_button\"><a href=\"https:\/\/lepasteur-avocats.fr\/?cpt_services=judical-process\" class=\"sc_button sc_button_simple\">Read more<\/a><\/div>\r\n\t\t\t<\/div>\r\n<\/div>\r\n<\/div><\/div><\/div><!-- \/.sc_services -->[vc_empty_space alter_height=\u00a0\u00bbsmall\u00a0\u00bb hide_on_mobile=\u00a0\u00bb1&Prime;][vc_empty_space height=\u00a0\u00bb0.75em\u00a0\u00bb alter_height=\u00a0\u00bbnone\u00a0\u00bb hide_on_mobile=\u00a0\u00bb1&Prime;][vc_empty_space height=\u00a0\u00bb3em\u00a0\u00bb alter_height=\u00a0\u00bbnone\u00a0\u00bb hide_on_mobile=\u00a0\u00bb\u00a0\u00bb][\/vc_column][\/vc_row][vc_row full_width=\u00a0\u00bbstretch_row_content_no_spaces\u00a0\u00bb][vc_column]<div id=\"sc_services_1531364194\" class=\"sc_services sc_services_iconed sc_services_featured_top\"><div class=\"sc_services_columns sc_item_columns sc_item_columns_2 trx_addons_columns_wrap columns_padding_bottom\"><div class=\"trx_addons_column-1_2 \"><div class=\"sc_services_item with_content with_icon sc_services_item_featured_top\">\r\n\t<div class=\"sc_services_item_header\">\r\n\t\t\t<\/div>\r\n\t\t\t<div class=\"sc_services_item_content\">\r\n\r\n            <a href=\"https:\/\/lepasteur-avocats.fr\/?cpt_services=general-practice\"\r\n                 id=\"sc_services_1531364194_icon-books\"\r\n                 class=\"sc_services_item_icon icon-books\"\r\n                ><\/a>\r\n\t\t\t<h3 class=\"sc_services_item_title\"><a href=\"https:\/\/lepasteur-avocats.fr\/?cpt_services=general-practice\">La protection juridique<\/a><\/h3>\r\n\t\t\t<div class=\"sc_services_item_subtitle\"><a href=\"https:\/\/lepasteur-avocats.fr\/?cpt_services_group=ajpj\" title=\"View all posts in AJ &amp; PJ\">AJ &amp; PJ<\/a><\/div>\r\n\t\t\t<div class=\"sc_services_item_text\"><p>Lorsque le client b\u00e9n\u00e9ficie d\u2019une protection juridique via un contrat d\u2019assurance, les honoraires du cabinet peuvent \u00eatre, int\u00e9gralement ou partiellement, pris en charge par la compagnie d\u2019assurance.<\/p>\n                                    <span class=\"sc_services_dot\"><\/span>\r\n                    <span class=\"sc_services_dot\"><\/span>\r\n                    <span class=\"sc_services_dot\"><\/span>\r\n\r\n                \r\n\r\n            <\/div>\r\n\r\n\t\t\t<div class=\"sc_services_item_button sc_item_button\"><a href=\"https:\/\/lepasteur-avocats.fr\/?cpt_services=general-practice\" class=\"sc_button sc_button_simple\">Learn more<\/a><\/div>\r\n\r\n\t\t<\/div>\r\n\t<\/div>\r\n<\/div><div class=\"trx_addons_column-1_2 \"><div class=\"sc_services_item with_content with_image with_icon sc_services_item_featured_top\">\r\n\t<div class=\"sc_services_item_header\" style=\"background-image: url(https:\/\/lepasteur-avocats.fr\/wp-content\/uploads\/2017\/02\/aide_juridictionnelle-370x0.jpg);\">\r\n\t\t\t<\/div>\r\n\t\t\t<div class=\"sc_services_item_content\">\r\n\r\n            <a href=\"https:\/\/lepasteur-avocats.fr\/?cpt_services=aide_juridictionnelle\"\r\n                 id=\"sc_services_1531364194_icon-clipboard\"\r\n                 class=\"sc_services_item_icon icon-clipboard\"\r\n                ><\/a>\r\n\t\t\t<h3 class=\"sc_services_item_title\"><a href=\"https:\/\/lepasteur-avocats.fr\/?cpt_services=aide_juridictionnelle\">L&rsquo;aide juridictionnelle<\/a><\/h3>\r\n\t\t\t<div class=\"sc_services_item_subtitle\"><a href=\"https:\/\/lepasteur-avocats.fr\/?cpt_services_group=ajpj\" title=\"View all posts in AJ &amp; PJ\">AJ &amp; PJ<\/a><\/div>\r\n\t\t\t<div class=\"sc_services_item_text\"><p>L&rsquo;aide juridictionnelle est la prise en charge par l\u2019\u00c9tat des frais li\u00e9s \u00e0 une proc\u00e9dure judiciaire, en fonction de vos revenus et de votre patrimoine.<\/p>\n                                    <span class=\"sc_services_dot\"><\/span>\r\n                    <span class=\"sc_services_dot\"><\/span>\r\n                    <span class=\"sc_services_dot\"><\/span>\r\n\r\n                \r\n\r\n            <\/div>\r\n\r\n\t\t\t<div class=\"sc_services_item_button sc_item_button\"><a href=\"https:\/\/lepasteur-avocats.fr\/?cpt_services=aide_juridictionnelle\" class=\"sc_button sc_button_simple\">Learn more<\/a><\/div>\r\n\r\n\t\t<\/div>\r\n\t<\/div>\r\n<\/div><\/div><\/div><!-- \/.sc_services -->[\/vc_column][\/vc_row][vc_row][vc_column][vc_column_text]<span style=\"color: #ffffff;\">Mots-clefs : avocat argentan, avocats argentan, avocat falaise, avocats falaise, avocat caen, avocats caen, avocat alen\u00e7on, avocats alen\u00e7on, avocat normandie, avocat orne, avocat calvados, avocat divorce, avocat responsabilit\u00e9, le pasteur avocat, le pasteur avocats, lepasteur avocat, avocat droit de la famille, avocat droit commercial, avocat droit du travail, avocat licenciement, avocat droit rural, avocat argentan divorce, avocat falaise divorce, avocat affaires<\/span>[\/vc_column_text][\/vc_column][\/vc_row]<\/p>\n","protected":false},"excerpt":{"rendered":"<p>[vc_row][vc_column][vc_empty_space height=\u00a0\u00bb3em\u00a0\u00bb alter_height=\u00a0\u00bbnone\u00a0\u00bb hide_on_mobile=\u00a0\u00bb\u00a0\u00bb][vc_empty_space height=\u00a0\u00bb1.1em\u00a0\u00bb alter_height=\u00a0\u00bbnone\u00a0\u00bb hide_on_mobile=\u00a0\u00bb1&Prime;][vc_empty_space alter_height=\u00a0\u00bblarge\u00a0\u00bb hide_on_mobile=\u00a0\u00bb1&Prime;][vc_empty_space height=\u00a0\u00bb2.3em\u00a0\u00bb alter_height=\u00a0\u00bbnone\u00a0\u00bb hide_on_mobile=\u00a0\u00bb\u00a0\u00bb][vc_empty_space alter_height=\u00a0\u00bbsmall\u00a0\u00bb hide_on_mobile=\u00a0\u00bb1&Prime;][vc_empty_space height=\u00a0\u00bb0.75em\u00a0\u00bb alter_height=\u00a0\u00bbnone\u00a0\u00bb hide_on_mobile=\u00a0\u00bb1&Prime;][vc_empty_space height=\u00a0\u00bb3em\u00a0\u00bb alter_height=\u00a0\u00bbnone\u00a0\u00bb hide_on_mobile=\u00a0\u00bb\u00a0\u00bb][\/vc_column][\/vc_row][vc_row full_width=\u00a0\u00bbstretch_row_content_no_spaces\u00a0\u00bb][vc_column][\/vc_column][\/vc_row][vc_row][vc_column][vc_column_text]Mots-clefs : avocat argentan, avocats argentan, avocat falaise, avocats falaise, avocat caen, avocats caen, avocat alen\u00e7on, avocats alen\u00e7on, avocat normandie, avocat orne, avocat calvados, avocat&hellip;<\/p>\n","protected":false},"author":1,"featured_media":0,"parent":0,"menu_order":0,"comment_status":"closed","ping_status":"closed","template":"","meta":{"footnotes":""},"class_list":["post-200","page","type-page","status-publish","hentry"],"_links":{"self":[{"href":"https:\/\/lepasteur-avocats.fr\/index.php?rest_route=\/wp\/v2\/pages\/200","targetHints":{"allow":["GET"]}}],"collection":[{"href":"https:\/\/lepasteur-avocats.fr\/index.php?rest_route=\/wp\/v2\/pages"}],"about":[{"href":"https:\/\/lepasteur-avocats.fr\/index.php?rest_route=\/wp\/v2\/types\/page"}],"author":[{"embeddable":true,"href":"https:\/\/lepasteur-avocats.fr\/index.php?rest_route=\/wp\/v2\/users\/1"}],"replies":[{"embeddable":true,"href":"https:\/\/lepasteur-avocats.fr\/index.php?rest_route=%2Fwp%2Fv2%2Fcomments&post=200"}],"version-history":[{"count":20,"href":"https:\/\/lepasteur-avocats.fr\/index.php?rest_route=\/wp\/v2\/pages\/200\/revisions"}],"predecessor-version":[{"id":1114,"href":"https:\/\/lepasteur-avocats.fr\/index.php?rest_route=\/wp\/v2\/pages\/200\/revisions\/1114"}],"wp:attachment":[{"href":"https:\/\/lepasteur-avocats.fr\/index.php?rest_route=%2Fwp%2Fv2%2Fmedia&parent=200"}],"curies":[{"name":"wp","href":"https:\/\/api.w.org\/{rel}","templated":true}]}}