{"id":212,"date":"2017-02-26T12:19:25","date_gmt":"2017-02-26T12:19:25","guid":{"rendered":"https:\/\/legal-stone.themerex.net\/?page_id=212"},"modified":"2023-06-19T19:22:34","modified_gmt":"2023-06-19T19:22:34","slug":"about-our-success","status":"publish","type":"page","link":"https:\/\/lepasteur-avocats.fr\/?page_id=212","title":{"rendered":"Le Cabinet"},"content":{"rendered":"<p>[vc_row][vc_column][vc_empty_space height=\u00a0\u00bb2.5em\u00a0\u00bb alter_height=\u00a0\u00bbnone\u00a0\u00bb hide_on_mobile=\u00a0\u00bb\u00a0\u00bb][\/vc_column][\/vc_row][vc_row][vc_column width=\u00a0\u00bb1\/2&Prime;][vc_empty_space height=\u00a0\u00bb0.5em\u00a0\u00bb alter_height=\u00a0\u00bbnone\u00a0\u00bb hide_on_mobile=\u00a0\u00bb\u00a0\u00bb][vc_single_image image=\u00a0\u00bb1136&Prime; img_size=\u00a0\u00bbfull\u00a0\u00bb][\/vc_column][vc_column width=\u00a0\u00bb1\/2&Prime;][vc_empty_space height=\u00a0\u00bb0.5em\u00a0\u00bb alter_height=\u00a0\u00bbnone\u00a0\u00bb hide_on_mobile=\u00a0\u00bb\u00a0\u00bb]<div id=\"sc_title_919134501\"\r\n\t\tclass=\"sc_title sc_title_default\"><h1 class=\"sc_item_title sc_title_title sc_align_left sc_item_title_style_default sc_item_title_tag\">Histoire du cabinet<\/h1><\/div><!-- \/.sc_title -->[vc_empty_space height=\u00a0\u00bb0.5em\u00a0\u00bb alter_height=\u00a0\u00bbnone\u00a0\u00bb hide_on_mobile=\u00a0\u00bb\u00a0\u00bb][vc_tta_tabs active_section=\u00a0\u00bb1&Prime; el_class=\u00a0\u00bbtabs-responsive\u00a0\u00bb][vc_tta_section title=\u00a0\u00bb1978&Prime; tab_id=\u00a0\u00bb1488109785664-60fcf63d-3421&Prime;][vc_column_text]Dominique LE PASTEUR pr\u00eate serment le 14 f\u00e9vrier 1978 \u00e0 PARIS. Il y fera ses premi\u00e8res armes en tant qu&rsquo;avocat.<\/p>\n<p>Rapidement, il retournera sur la terre de ses anc\u00eatres pour s&rsquo;associer avec un avocat reconnu dans la r\u00e9gion, Ma\u00eetre Andr\u00e9 PARLEANI.<\/p>\n<p>Depuis, bien que son activit\u00e9 soit g\u00e9n\u00e9raliste, il a su se sp\u00e9cialiser en droit commercial et des affaires ainsi qu&rsquo;en droit social.[\/vc_column_text][\/vc_tta_section][vc_tta_section title=\u00a0\u00bb2006&Prime; tab_id=\u00a0\u00bb1488109785683-cf49ca1e-b142&Prime;][vc_column_text]Elizabeth CAMASSEL rejoint son \u00e9poux en tant qu&rsquo;avocate associ\u00e9e au sein de la structure. Leur association sera fructueuse et permettra au cabinet de gagner davantage en notori\u00e9t\u00e9.<\/p>\n<p>Apr\u00e8s avoir accompagn\u00e9 l&rsquo;arriv\u00e9e de leur fils dans la profession, elle prendra sa retraite en 2014.[\/vc_column_text][\/vc_tta_section][vc_tta_section title=\u00a0\u00bb2011&Prime; tab_id=\u00a0\u00bb1488109847684-32bd2a18-2ae0&Prime;][vc_column_text]Cabinet avant tout familial, c&rsquo;est au tour de leur fils a\u00een\u00e9, Olaf LE PASTEUR, de pr\u00eater serment le 11 d\u00e9cembre 2011, apr\u00e8s avoir v\u00e9cu une premi\u00e8re exp\u00e9rience de conseiller parlementaire \u00e0 PARIS.<\/p>\n<p>Tout naturellement, il rejoint ses parents en Normandie, en tant qu&rsquo;avocat associ\u00e9 au sein du cabinet.<\/p>\n<p>Il participe au d\u00e9veloppement de la structure, par son inscription au Barreau de CAEN, et en cr\u00e9ant une structure inter-barreaux.[\/vc_column_text][\/vc_tta_section][vc_tta_section title=\u00a0\u00bb2016&Prime; tab_id=\u00a0\u00bb1488109855600-777d0607-1851&Prime;][vc_column_text]S\u00e9verine LE PASTEUR rejoint en tant que juriste le cabinet familial.<\/p>\n<p>Elle est l&rsquo;\u00e9pouse d&rsquo;Olaf LE PASTEUR.<\/p>\n<p>Elle intervient en tant que support dans divers dossiers et s&rsquo;occupe plus particuli\u00e8rement des contentieux familiaux.[\/vc_column_text][\/vc_tta_section][vc_tta_section title=\u00a0\u00bb2017&Prime; tab_id=\u00a0\u00bb1639901457800-9a56d3e0-2b4c\u00a0\u00bb][vc_column_text]Compte-tenu d&rsquo;une demande croissante dans la r\u00e9gion de FALAISE (Calvados), un cabinet est ouvert au coeur de la ville.<\/p>\n<p>Il se situe 1 rue Georges Cl\u00e9menceau \u00e0 FALAISE (14700).<\/p>\n<p>Uniquement sur rendez-vous.[\/vc_column_text][\/vc_tta_section][vc_tta_section title=\u00a0\u00bb2020&Prime; tab_id=\u00a0\u00bb1639906773180-3ab616df-eb80&Prime;][vc_column_text]Pour mieux vous accueillir, le cabinet d&rsquo;Argentan d\u00e9m\u00e9nage dans de nouveaux locaux plus fonctionnels et totalement adapt\u00e9s aux personnes \u00e0 mobilit\u00e9 r\u00e9duite.<\/p>\n<p>Retrouvez-nous pr\u00e8s du rond-point des 3 croix :<\/p>\n<p>3 rue de la paix 61200 Argentan[\/vc_column_text][\/vc_tta_section][\/vc_tta_tabs][\/vc_column][\/vc_row][vc_row][vc_column][vc_zigzag][vc_empty_space height=\u00a0\u00bb1.1em\u00a0\u00bb alter_height=\u00a0\u00bbnone\u00a0\u00bb hide_on_mobile=\u00a0\u00bb1&Prime;]<div id=\"sc_services_880561899\" class=\"sc_services sc_services_default sc_services_featured_top\"><h1 class=\"sc_item_title sc_services_title sc_align_center sc_item_title_style_custom_image sc_item_title_tag\">Nos comp\u00e9tences<\/h1><div class=\"sc_services_columns sc_item_columns sc_item_columns_3 trx_addons_columns_wrap columns_padding_bottom\"><div class=\"trx_addons_column-1_3\"><div class=\"sc_services_item with_content with_icon sc_services_item_featured_top\">\r\n\t<a href=\"https:\/\/lepasteur-avocats.fr\/?cpt_services=droit-responsabilite\"\r\n\t\t\t id=\"sc_services_880561899_icon-graduation-light\"\r\n\t\t\t class=\"sc_services_item_icon icon-graduation-light\"\r\n\t\t\t ><\/a>\t\r\n\t<div class=\"sc_services_item_info\">\r\n\t\t<div class=\"sc_services_item_header\">\r\n\t\t\t<h4 class=\"sc_services_item_title\"><a href=\"https:\/\/lepasteur-avocats.fr\/?cpt_services=droit-responsabilite\">Droit de la responsabilit\u00e9<\/a><\/h4>\r\n\t\t\t<div class=\"sc_services_item_subtitle\"><a href=\"https:\/\/lepasteur-avocats.fr\/?cpt_services_group=competences\" title=\"View all posts in Comp\u00e9tences\">Comp\u00e9tences<\/a><\/div>\r\n\t\t<\/div>\r\n\t\t\t\t\t<div class=\"sc_services_item_content\"><p>Nous vous accompagnons dans toutes les proc\u00e9dures engageant la responsabilit\u00e9 d&rsquo;une personne.<\/p>\n<\/div>\r\n                            <span class=\"sc_services_dot\"><\/span>\r\n            <span class=\"sc_services_dot\"><\/span>\r\n            <span class=\"sc_services_dot\"><\/span>\r\n\r\n\t\t\t<\/div>\r\n<\/div>\r\n<\/div><div class=\"trx_addons_column-1_3\"><div class=\"sc_services_item with_content with_icon sc_services_item_featured_top\">\r\n\t<a href=\"https:\/\/lepasteur-avocats.fr\/?cpt_services=droit-commercial-affaires\"\r\n\t\t\t id=\"sc_services_880561899_icon-libra\"\r\n\t\t\t class=\"sc_services_item_icon icon-libra\"\r\n\t\t\t ><\/a>\t\r\n\t<div class=\"sc_services_item_info\">\r\n\t\t<div class=\"sc_services_item_header\">\r\n\t\t\t<h4 class=\"sc_services_item_title\"><a href=\"https:\/\/lepasteur-avocats.fr\/?cpt_services=droit-commercial-affaires\">Droit commercial &#038; affaires<\/a><\/h4>\r\n\t\t\t<div class=\"sc_services_item_subtitle\"><a href=\"https:\/\/lepasteur-avocats.fr\/?cpt_services_group=competences\" title=\"View all posts in Comp\u00e9tences\">Comp\u00e9tences<\/a><\/div>\r\n\t\t<\/div>\r\n\t\t\t\t\t<div class=\"sc_services_item_content\"><p>Notre cabinet est sp\u00e9cialis\u00e9 en droit commercial, des affaires et de la concurrence.<\/p>\n<\/div>\r\n                            <span class=\"sc_services_dot\"><\/span>\r\n            <span class=\"sc_services_dot\"><\/span>\r\n            <span class=\"sc_services_dot\"><\/span>\r\n\r\n\t\t\t<\/div>\r\n<\/div>\r\n<\/div><div class=\"trx_addons_column-1_3\"><div class=\"sc_services_item with_content with_icon sc_services_item_featured_top\">\r\n\t<a href=\"https:\/\/lepasteur-avocats.fr\/?cpt_services=droit-du-travail\"\r\n\t\t\t id=\"sc_services_880561899_icon-portfolio\"\r\n\t\t\t class=\"sc_services_item_icon icon-portfolio\"\r\n\t\t\t ><\/a>\t\r\n\t<div class=\"sc_services_item_info\">\r\n\t\t<div class=\"sc_services_item_header\">\r\n\t\t\t<h4 class=\"sc_services_item_title\"><a href=\"https:\/\/lepasteur-avocats.fr\/?cpt_services=droit-du-travail\">Droit du travail<\/a><\/h4>\r\n\t\t\t<div class=\"sc_services_item_subtitle\"><a href=\"https:\/\/lepasteur-avocats.fr\/?cpt_services_group=competences\" title=\"View all posts in Comp\u00e9tences\">Comp\u00e9tences<\/a><\/div>\r\n\t\t<\/div>\r\n\t\t\t\t\t<div class=\"sc_services_item_content\"><p>Notre cabinet est sp\u00e9cialis\u00e9 en droit du travail.<\/p>\n<\/div>\r\n                            <span class=\"sc_services_dot\"><\/span>\r\n            <span class=\"sc_services_dot\"><\/span>\r\n            <span class=\"sc_services_dot\"><\/span>\r\n\r\n\t\t\t<\/div>\r\n<\/div>\r\n<\/div><div class=\"trx_addons_column-1_3\"><div class=\"sc_services_item with_content with_icon sc_services_item_featured_top\">\r\n\t<a href=\"https:\/\/lepasteur-avocats.fr\/?cpt_services=droit-de-la-famille\"\r\n\t\t\t id=\"sc_services_880561899_icon-home-alt\"\r\n\t\t\t class=\"sc_services_item_icon icon-home-alt\"\r\n\t\t\t ><\/a>\t\r\n\t<div class=\"sc_services_item_info\">\r\n\t\t<div class=\"sc_services_item_header\">\r\n\t\t\t<h4 class=\"sc_services_item_title\"><a href=\"https:\/\/lepasteur-avocats.fr\/?cpt_services=droit-de-la-famille\">Droit de la famille<\/a><\/h4>\r\n\t\t\t<div class=\"sc_services_item_subtitle\"><a href=\"https:\/\/lepasteur-avocats.fr\/?cpt_services_group=competences\" title=\"View all posts in Comp\u00e9tences\">Comp\u00e9tences<\/a><\/div>\r\n\t\t<\/div>\r\n\t\t\t\t\t<div class=\"sc_services_item_content\"><p>Garde d&rsquo;enfant, succession, filiation, \u00e9tat-civil, tutelle &#038; curatelle&#8230;<\/p>\n<\/div>\r\n                            <span class=\"sc_services_dot\"><\/span>\r\n            <span class=\"sc_services_dot\"><\/span>\r\n            <span class=\"sc_services_dot\"><\/span>\r\n\r\n\t\t\t<\/div>\r\n<\/div>\r\n<\/div><div class=\"trx_addons_column-1_3\"><div class=\"sc_services_item with_content with_icon sc_services_item_featured_top\">\r\n\t<a href=\"https:\/\/lepasteur-avocats.fr\/?cpt_services=droit-rural\"\r\n\t\t\t id=\"sc_services_880561899_icon-floor\"\r\n\t\t\t class=\"sc_services_item_icon icon-floor\"\r\n\t\t\t ><\/a>\t\r\n\t<div class=\"sc_services_item_info\">\r\n\t\t<div class=\"sc_services_item_header\">\r\n\t\t\t<h4 class=\"sc_services_item_title\"><a href=\"https:\/\/lepasteur-avocats.fr\/?cpt_services=droit-rural\">Droit rural<\/a><\/h4>\r\n\t\t\t<div class=\"sc_services_item_subtitle\"><a href=\"https:\/\/lepasteur-avocats.fr\/?cpt_services_group=competences\" title=\"View all posts in Comp\u00e9tences\">Comp\u00e9tences<\/a><\/div>\r\n\t\t<\/div>\r\n\t\t\t\t\t<div class=\"sc_services_item_content\"><p>Un contentieux pratiqu\u00e9 par Ma\u00eetre LE PASTEUR depuis de nombreuses ann\u00e9es.<\/p>\n<\/div>\r\n                            <span class=\"sc_services_dot\"><\/span>\r\n            <span class=\"sc_services_dot\"><\/span>\r\n            <span class=\"sc_services_dot\"><\/span>\r\n\r\n\t\t\t<\/div>\r\n<\/div>\r\n<\/div><div class=\"trx_addons_column-1_3\"><div class=\"sc_services_item with_content with_icon sc_services_item_featured_top\">\r\n\t<a href=\"https:\/\/lepasteur-avocats.fr\/?cpt_services=encheres\"\r\n\t\t\t id=\"sc_services_880561899_icon-gavel\"\r\n\t\t\t class=\"sc_services_item_icon icon-gavel\"\r\n\t\t\t ><\/a>\t\r\n\t<div class=\"sc_services_item_info\">\r\n\t\t<div class=\"sc_services_item_header\">\r\n\t\t\t<h4 class=\"sc_services_item_title\"><a href=\"https:\/\/lepasteur-avocats.fr\/?cpt_services=encheres\">Ench\u00e8res<\/a><\/h4>\r\n\t\t\t<div class=\"sc_services_item_subtitle\"><a href=\"https:\/\/lepasteur-avocats.fr\/?cpt_services_group=competences\" title=\"View all posts in Comp\u00e9tences\">Comp\u00e9tences<\/a><\/div>\r\n\t\t<\/div>\r\n\t\t\t\t\t<div class=\"sc_services_item_content\"><p>Nous vous repr\u00e9sentons pour porter ench\u00e8re.<\/p>\n<\/div>\r\n                            <span class=\"sc_services_dot\"><\/span>\r\n            <span class=\"sc_services_dot\"><\/span>\r\n            <span class=\"sc_services_dot\"><\/span>\r\n\r\n\t\t\t<\/div>\r\n<\/div>\r\n<\/div><\/div><\/div><!-- \/.sc_services -->[vc_empty_space height=\u00a0\u00bb3em\u00a0\u00bb alter_height=\u00a0\u00bbnone\u00a0\u00bb hide_on_mobile=\u00a0\u00bb\u00a0\u00bb][vc_empty_space alter_height=\u00a0\u00bblarge\u00a0\u00bb hide_on_mobile=\u00a0\u00bb1&Prime;][\/vc_column][\/vc_row][vc_row][vc_column]<div class=\"sc_layouts sc_layouts_default sc_layouts_223\">[vc_row full_width=\"stretch_row_content_no_spaces\" equal_height=\"yes\"][vc_column width=\"1\/2\" icons_position=\"left\" css=\".vc_custom_1639906617955{background-image: url(http:\/\/lepasteur-avocats.fr\/wp-content\/uploads\/2017\/02\/bibliotheque_avocat.jpg?id=932) !important;background-position: center !important;background-repeat: no-repeat !important;background-size: cover !important;}\"][vc_empty_space height=\"20em\" alter_height=\"none\" hide_on_mobile=\"\"][\/vc_column][vc_column width=\"1\/2\" icons_position=\"left\" css=\".vc_custom_1491313514421{background-color: #353d4d !important;}\"][vc_empty_space height=\"2em\" alter_height=\"huge\" hide_on_mobile=\"1\"][vc_empty_space height=\"3em\" alter_height=\"none\" hide_on_mobile=\"\"]<div id=\"sc_content_1189123153\"\r\n\t\tclass=\"scheme_dark sc_content sc_content_default sc_float_center sc_margin_medium\"><div class=\"sc_content_container\"><div class=\"sc_layouts_item\"><div id=\"sc_title_1924302286\"\r\n\t\tclass=\"sc_title sc_title_custom_image\"><h1 class=\"sc_item_title sc_title_title sc_align_left sc_item_title_style_custom_image sc_item_title_tag\">Nombre de dossiers ouverts<\/h1><\/div><!-- \/.sc_title --><\/div><\/div><\/div><!-- \/.sc_content -->[vc_empty_space height=\"1.2em\" alter_height=\"none\" hide_on_mobile=\"\"][vc_row_inner][vc_column_inner width=\"5\/6\" icons_position=\"left\"]<div id=\"sc_content_1475632034\"\r\n\t\tclass=\"scheme_dark sc_content sc_content_default sc_float_center sc_margin_medium\"><div class=\"sc_content_container\"><div class=\"sc_layouts_item\"><div id=\"sc_skills_596744904\"\r\n\t\tclass=\"sc_skills sc_skills_counter\"\r\n\t\t\t\tdata-type=\"counter\"\r\n\t\t><div class=\"sc_skills_columns sc_item_columns trx_addons_columns_wrap columns_padding_bottom\"><div class=\"sc_skills_column trx_addons_column-1_3\"><div class=\"sc_skills_item_wrap\"><div class=\"sc_skills_item\"><div class=\"sc_skills_icon none\"><\/div><div class=\"sc_skills_total\" data-start=\"0\" data-stop=\"532\" data-step=\"1\" data-max=\"100\" data-speed=\"15\" data-duration=\"7980\" data-ed=\"\">0<\/div><\/div><div class=\"sc_skills_item_title\">2022<\/div><\/div><\/div><div class=\"sc_skills_column trx_addons_column-1_3\"><div class=\"sc_skills_item_wrap\"><div class=\"sc_skills_item\"><div class=\"sc_skills_icon Array\"><\/div><div class=\"sc_skills_total\" data-start=\"0\" data-stop=\"446\" data-step=\"1\" data-max=\"100\" data-speed=\"15\" data-duration=\"6690\" data-ed=\"\">0<\/div><\/div><div class=\"sc_skills_item_title\">2021<\/div><\/div><\/div><div class=\"sc_skills_column trx_addons_column-1_3\"><div class=\"sc_skills_item_wrap\"><div class=\"sc_skills_item\"><div class=\"sc_skills_icon none\"><\/div><div class=\"sc_skills_total\" data-start=\"0\" data-stop=\"450\" data-step=\"1\" data-max=\"100\" data-speed=\"11\" data-duration=\"4950\" data-ed=\"\">0<\/div><\/div><div class=\"sc_skills_item_title\">2020<\/div><\/div><\/div><\/div><\/div><\/div><\/div><\/div><!-- \/.sc_content -->[\/vc_column_inner][vc_column_inner width=\"1\/6\" icons_position=\"left\"][\/vc_column_inner][\/vc_row_inner][vc_empty_space height=\"2em\" alter_height=\"huge\" hide_on_mobile=\"1\"][vc_empty_space height=\"3em\" alter_height=\"none\" hide_on_mobile=\"\"][vc_empty_space height=\"0.7em\" alter_height=\"none\" hide_on_mobile=\"1\"][\/vc_column][\/vc_row]<\/div>[\/vc_column][\/vc_row][vc_row][vc_column][vc_empty_space height=\u00a0\u00bb3em\u00a0\u00bb alter_height=\u00a0\u00bbnone\u00a0\u00bb hide_on_mobile=\u00a0\u00bb\u00a0\u00bb][vc_empty_space height=\u00a0\u00bb1.9em\u00a0\u00bb alter_height=\u00a0\u00bbnone\u00a0\u00bb hide_on_mobile=\u00a0\u00bb1&Prime;][vc_empty_space alter_height=\u00a0\u00bblarge\u00a0\u00bb hide_on_mobile=\u00a0\u00bb1&Prime;]<div id=\"sc_title_399474966\"\r\n\t\tclass=\"sc_title sc_title_custom_image\"><h3 class=\"sc_item_title sc_title_title sc_align_center sc_item_title_style_custom_image\">Les avocats<\/h3><div class=\"sc_item_descr sc_title_descr sc_align_center\"><p>Nous d\u00e9fendons nos clients avec dignit\u00e9, conscience, ind\u00e9pendance, honn\u00eatet\u00e9 et humanit\u00e9, conform\u00e9ment \u00e0 la loi et \u00e0 la d\u00e9ontologie de l'avocat.<\/p>\n<\/div><\/div><!-- \/.sc_title --><div class=\"sc_team sc_team_default\"><div class=\"sc_team_columns sc_item_columns trx_addons_columns_wrap columns_padding_bottom\"><div class=\"trx_addons_column-1_2\"><div class=\"sc_team_item\">\r\n\t<div class=\"post_featured with_thumb hover_dots sc_team_item_thumb trx_addons_column-1_2\"><img loading=\"lazy\" decoding=\"async\" width=\"450\" height=\"500\" src=\"https:\/\/lepasteur-avocats.fr\/wp-content\/uploads\/2017\/02\/IMG_9091-1-450x500.jpg\" class=\"attachment-legal_stone-thumb-avatar size-legal_stone-thumb-avatar wp-post-image\" alt=\"Domique LE PASTEUR\" \/><div class=\"mask\"><\/div><a href=\"https:\/\/lepasteur-avocats.fr\/?cpt_team=domique-le-pasteur\" aria-hidden=\"true\" class=\"icons\"><span><\/span><span><\/span><span><\/span><\/a><\/div>\t<div class=\"sc_team_item_info trx_addons_column-1_2\">\r\n        <div class=\"sc_team_item_info_inner\">\r\n\r\n            <div class=\"sc_team_item_header\">\r\n                <h4 class=\"sc_team_item_title\"><a href=\"https:\/\/lepasteur-avocats.fr\/?cpt_team=domique-le-pasteur\">Domique LE PASTEUR<\/a><\/h4>\r\n                <div class=\"sc_team_item_subtitle\">Barreau d'Argentan<\/div>\r\n            <\/div>\r\n            <div class=\"sc_team_item_content\"><p>Prestation de serment en 1978.<br \/>\nAvocat sp\u00e9cialiste en droit du travail, droit commercial, des affaires et de la concurrence.<\/p>\n<\/div>\r\n            <div class=\"sc_team_item_socials socials_wrap\"><a target=\"_blank\" href=\"mailto:contact@lepasteur-avocats.fr\" class=\"social_item social_item_style_icons social_item_type_icons\"><span class=\"social_icon social_mail\"><span class=\"icon-mail\"><\/span><\/span><\/a><a target=\"_blank\" href=\"http:\/\/lepasteur-avocats.fr\/?page_id=164\" class=\"social_item social_item_style_icons social_item_type_icons\"><span class=\"social_icon social_phone\"><span class=\"icon-phone\"><\/span><\/span><\/a><\/div>            <div class=\"sc_team_item_button\"><a href=\"https:\/\/lepasteur-avocats.fr\/?cpt_team=domique-le-pasteur\" class=\"sc_button sc_button_simple\">Learn more<\/a><\/div>\r\n        <\/div>\r\n\t<\/div>\r\n<\/div>\r\n<\/div><div class=\"trx_addons_column-1_2\"><div class=\"sc_team_item\">\r\n\t<div class=\"post_featured with_thumb hover_dots sc_team_item_thumb trx_addons_column-1_2\"><img decoding=\"async\" src=\"https:\/\/lepasteur-avocats.fr\/wp-content\/themes\/legal-stone\/images\/no-image.jpg\" alt=\"Enora GONTIER\"><div class=\"mask\"><\/div><a href=\"https:\/\/lepasteur-avocats.fr\/?cpt_team=enora-gontier\" aria-hidden=\"true\" class=\"icons\"><span><\/span><span><\/span><span><\/span><\/a><\/div>\t<div class=\"sc_team_item_info trx_addons_column-1_2\">\r\n        <div class=\"sc_team_item_info_inner\">\r\n\r\n            <div class=\"sc_team_item_header\">\r\n                <h4 class=\"sc_team_item_title\"><a href=\"https:\/\/lepasteur-avocats.fr\/?cpt_team=enora-gontier\">Enora GONTIER<\/a><\/h4>\r\n                <div class=\"sc_team_item_subtitle\">Barreau d'Argentan<\/div>\r\n            <\/div>\r\n            <div class=\"sc_team_item_content\"><p>Avocate g\u00e9n\u00e9raliste.<br \/>\nPrestation de serment en 2025.<\/p>\n<\/div>\r\n            <div class=\"sc_team_item_socials socials_wrap\"><a target=\"_blank\" href=\"mailto:contact@lepasteur-avocats.fr\" class=\"social_item social_item_style_icons social_item_type_icons\"><span class=\"social_icon social_mail\"><span class=\"icon-mail\"><\/span><\/span><\/a><a target=\"_blank\" href=\"http:\/\/lepasteur-avocats.fr\/?page_id=164\" class=\"social_item social_item_style_icons social_item_type_icons\"><span class=\"social_icon social_phone\"><span class=\"icon-phone\"><\/span><\/span><\/a><\/div>            <div class=\"sc_team_item_button\"><a href=\"https:\/\/lepasteur-avocats.fr\/?cpt_team=enora-gontier\" class=\"sc_button sc_button_simple\">Learn more<\/a><\/div>\r\n        <\/div>\r\n\t<\/div>\r\n<\/div>\r\n<\/div><\/div><a href=\"http:\/\/lepasteur-avocats.fr\/?page_id=176\" id=\"sc_button_611451593\" class=\"sc_button sc_button_default sc_button_size_normal sc_button_icon_left\"><span class=\"sc_button_text\"><span class=\"sc_button_title\">Voir l&#039;\u00e9quipe<\/span><\/span><!-- \/.sc_button_text --><\/a><!-- \/.sc_button --><\/div><!-- \/.sc_team -->[\/vc_column][\/vc_row][vc_row full_width=\u00a0\u00bbstretch_row\u00a0\u00bb css=\u00a0\u00bb.vc_custom_1488111537910{background-color: #f7f7f7 !important;}\u00a0\u00bb][vc_column][\/vc_column][\/vc_row][vc_row full_width=\u00a0\u00bbstretch_row\u00a0\u00bb][vc_column][\/vc_column][\/vc_row]<\/p>\n","protected":false},"excerpt":{"rendered":"<p>[vc_row][vc_column][vc_empty_space height=\u00a0\u00bb2.5em\u00a0\u00bb alter_height=\u00a0\u00bbnone\u00a0\u00bb hide_on_mobile=\u00a0\u00bb\u00a0\u00bb][\/vc_column][\/vc_row][vc_row][vc_column width=\u00a0\u00bb1\/2&Prime;][vc_empty_space height=\u00a0\u00bb0.5em\u00a0\u00bb alter_height=\u00a0\u00bbnone\u00a0\u00bb hide_on_mobile=\u00a0\u00bb\u00a0\u00bb][vc_single_image image=\u00a0\u00bb1136&Prime; img_size=\u00a0\u00bbfull\u00a0\u00bb][\/vc_column][vc_column width=\u00a0\u00bb1\/2&Prime;][vc_empty_space height=\u00a0\u00bb0.5em\u00a0\u00bb alter_height=\u00a0\u00bbnone\u00a0\u00bb hide_on_mobile=\u00a0\u00bb\u00a0\u00bb][vc_empty_space height=\u00a0\u00bb0.5em\u00a0\u00bb alter_height=\u00a0\u00bbnone\u00a0\u00bb hide_on_mobile=\u00a0\u00bb\u00a0\u00bb][vc_tta_tabs active_section=\u00a0\u00bb1&Prime; el_class=\u00a0\u00bbtabs-responsive\u00a0\u00bb][vc_tta_section title=\u00a0\u00bb1978&Prime; tab_id=\u00a0\u00bb1488109785664-60fcf63d-3421&Prime;][vc_column_text]Dominique LE PASTEUR pr\u00eate serment le 14 f\u00e9vrier 1978 \u00e0 PARIS. Il y fera ses premi\u00e8res armes en tant qu&rsquo;avocat. Rapidement, il retournera sur la&hellip;<\/p>\n","protected":false},"author":1,"featured_media":0,"parent":0,"menu_order":0,"comment_status":"closed","ping_status":"closed","template":"","meta":{"footnotes":""},"class_list":["post-212","page","type-page","status-publish","hentry"],"_links":{"self":[{"href":"https:\/\/lepasteur-avocats.fr\/index.php?rest_route=\/wp\/v2\/pages\/212","targetHints":{"allow":["GET"]}}],"collection":[{"href":"https:\/\/lepasteur-avocats.fr\/index.php?rest_route=\/wp\/v2\/pages"}],"about":[{"href":"https:\/\/lepasteur-avocats.fr\/index.php?rest_route=\/wp\/v2\/types\/page"}],"author":[{"embeddable":true,"href":"https:\/\/lepasteur-avocats.fr\/index.php?rest_route=\/wp\/v2\/users\/1"}],"replies":[{"embeddable":true,"href":"https:\/\/lepasteur-avocats.fr\/index.php?rest_route=%2Fwp%2Fv2%2Fcomments&post=212"}],"version-history":[{"count":28,"href":"https:\/\/lepasteur-avocats.fr\/index.php?rest_route=\/wp\/v2\/pages\/212\/revisions"}],"predecessor-version":[{"id":1150,"href":"https:\/\/lepasteur-avocats.fr\/index.php?rest_route=\/wp\/v2\/pages\/212\/revisions\/1150"}],"wp:attachment":[{"href":"https:\/\/lepasteur-avocats.fr\/index.php?rest_route=%2Fwp%2Fv2%2Fmedia&parent=212"}],"curies":[{"name":"wp","href":"https:\/\/api.w.org\/{rel}","templated":true}]}}